{"id":633,"date":"2024-04-03T15:10:09","date_gmt":"2024-04-03T13:10:09","guid":{"rendered":"https:\/\/dieselstore.eu\/?post_type=product&#038;p=633"},"modified":"2025-07-29T09:25:01","modified_gmt":"2025-07-29T07:25:01","slug":"0445110251-volvo-d5-2","status":"publish","type":"product","link":"https:\/\/dieselstore.eu\/uk\/produkt\/0445110251-volvo-d5-2\/","title":{"rendered":"0445110251 Volvo D5"},"content":{"rendered":"<p>0986435125<br \/>\n30637375<br \/>\n30731567<br \/>\n30750282<br \/>\n30750283<br \/>\nVolvo d5<br \/>\nVOLVO 2.4 D5 D5244T9; D5244T13; D5244T4; D5244T5; D5244T7<br \/>\nS60 S80 V50 V60 V70 XC60 XC70 XC90 C30 C70<\/p>\n","protected":false},"excerpt":{"rendered":"<span class=\"langPL\"> ZASTOSOWANE CZ\u0118\u015aCI: ORYGINA\u0141 BOSCH<\/span> <span class=\"langEN\"> PARTS USED: ORIGINAL BOSCH<\/span> <span class=\"langUK\"> \u0412\u0418\u041a\u041e\u0420\u0418\u0421\u0422\u0410\u041d\u0406 \u0427\u0410\u0421\u0422\u0418\u041d\u0418: \u041e\u0420\u0418\u0413\u0406\u041d\u0410\u041b BOSCH<\/span>","protected":false},"featured_media":627,"template":"","meta":{"_acf_changed":false,"_monsterinsights_skip_tracking":false,"_monsterinsights_sitenote_active":false,"_monsterinsights_sitenote_note":"","_monsterinsights_sitenote_category":0},"product_brand":[],"product_cat":[17],"product_tag":[],"class_list":{"0":"post-633","1":"product","2":"type-product","3":"status-publish","4":"has-post-thumbnail","6":"product_cat-wtryskiwacze-pl","8":"first","9":"outofstock","10":"taxable","11":"shipping-taxable","12":"purchasable","13":"product-type-variable"},"acf":[],"aioseo_notices":[],"_links":{"self":[{"href":"https:\/\/dieselstore.eu\/uk\/wp-json\/wp\/v2\/product\/633","targetHints":{"allow":["GET"]}}],"collection":[{"href":"https:\/\/dieselstore.eu\/uk\/wp-json\/wp\/v2\/product"}],"about":[{"href":"https:\/\/dieselstore.eu\/uk\/wp-json\/wp\/v2\/types\/product"}],"wp:featuredmedia":[{"embeddable":true,"href":"https:\/\/dieselstore.eu\/uk\/wp-json\/wp\/v2\/media\/627"}],"wp:attachment":[{"href":"https:\/\/dieselstore.eu\/uk\/wp-json\/wp\/v2\/media?parent=633"}],"wp:term":[{"taxonomy":"product_brand","embeddable":true,"href":"https:\/\/dieselstore.eu\/uk\/wp-json\/wp\/v2\/product_brand?post=633"},{"taxonomy":"product_cat","embeddable":true,"href":"https:\/\/dieselstore.eu\/uk\/wp-json\/wp\/v2\/product_cat?post=633"},{"taxonomy":"product_tag","embeddable":true,"href":"https:\/\/dieselstore.eu\/uk\/wp-json\/wp\/v2\/product_tag?post=633"}],"curies":[{"name":"wp","href":"https:\/\/api.w.org\/{rel}","templated":true}]}}