{"id":525,"date":"2024-03-29T14:46:56","date_gmt":"2024-03-29T13:46:56","guid":{"rendered":"https:\/\/dieselstore.eu\/?post_type=product&#038;p=525"},"modified":"2025-07-29T09:25:07","modified_gmt":"2025-07-29T07:25:07","slug":"0445120067-deutz-volvo","status":"publish","type":"product","link":"https:\/\/dieselstore.eu\/uk\/produkt\/0445120067-deutz-volvo\/","title":{"rendered":"0445120067 Deutz\/Volvo"},"content":{"rendered":"<p>0986435549<br \/>\n4290987<br \/>\n04290987KZ<br \/>\n20798683<br \/>\n7420798683<br \/>\n961204640054<br \/>\nDeutz Volvo<\/p>\n","protected":false},"excerpt":{"rendered":"<span class=\"langPL\"> ZASTOSOWANE CZ\u0118\u015aCI: ORYGINA\u0141 BOSCH<\/span> <span class=\"langEN\"> PARTS USED: ORIGINAL BOSCH<\/span> <span class=\"langUK\"> \u0412\u0418\u041a\u041e\u0420\u0418\u0421\u0422\u0410\u041d\u0406 \u0427\u0410\u0421\u0422\u0418\u041d\u0418: \u041e\u0420\u0418\u0413\u0406\u041d\u0410\u041b BOSCH<\/span>","protected":false},"featured_media":561,"template":"","meta":{"_acf_changed":false,"_monsterinsights_skip_tracking":false,"_monsterinsights_sitenote_active":false,"_monsterinsights_sitenote_note":"","_monsterinsights_sitenote_category":0},"product_brand":[],"product_cat":[17],"product_tag":[],"class_list":{"0":"post-525","1":"product","2":"type-product","3":"status-publish","4":"has-post-thumbnail","6":"product_cat-wtryskiwacze-pl","8":"first","9":"outofstock","10":"taxable","11":"shipping-taxable","12":"purchasable","13":"product-type-variable"},"acf":[],"aioseo_notices":[],"_links":{"self":[{"href":"https:\/\/dieselstore.eu\/uk\/wp-json\/wp\/v2\/product\/525","targetHints":{"allow":["GET"]}}],"collection":[{"href":"https:\/\/dieselstore.eu\/uk\/wp-json\/wp\/v2\/product"}],"about":[{"href":"https:\/\/dieselstore.eu\/uk\/wp-json\/wp\/v2\/types\/product"}],"wp:featuredmedia":[{"embeddable":true,"href":"https:\/\/dieselstore.eu\/uk\/wp-json\/wp\/v2\/media\/561"}],"wp:attachment":[{"href":"https:\/\/dieselstore.eu\/uk\/wp-json\/wp\/v2\/media?parent=525"}],"wp:term":[{"taxonomy":"product_brand","embeddable":true,"href":"https:\/\/dieselstore.eu\/uk\/wp-json\/wp\/v2\/product_brand?post=525"},{"taxonomy":"product_cat","embeddable":true,"href":"https:\/\/dieselstore.eu\/uk\/wp-json\/wp\/v2\/product_cat?post=525"},{"taxonomy":"product_tag","embeddable":true,"href":"https:\/\/dieselstore.eu\/uk\/wp-json\/wp\/v2\/product_tag?post=525"}],"curies":[{"name":"wp","href":"https:\/\/api.w.org\/{rel}","templated":true}]}}