{"id":401,"date":"2024-03-04T20:57:33","date_gmt":"2024-03-04T19:57:33","guid":{"rendered":"https:\/\/dieselstore.eu\/?post_type=product&#038;p=401"},"modified":"2025-07-29T09:25:10","modified_gmt":"2025-07-29T07:25:10","slug":"wtryskiwacz-2005596-daf-xf106-pojedyncze","status":"publish","type":"product","link":"https:\/\/dieselstore.eu\/uk\/produkt\/wtryskiwacz-2005596-daf-xf106-pojedyncze\/","title":{"rendered":"2005596 DAF XF106"},"content":{"rendered":"<p>2005596<\/p>\n<p>BEBJ1D02001<\/p>\n<p>Wtryskiwacz DAF XF106 DAF EURO6<\/p>\n<p>DAF EURO VI<\/p>\n<p>EURO 6<\/p>\n","protected":false},"excerpt":{"rendered":"<span class='langPL'> ZASTOSOWANE CZ\u0118\u015aCI: ORYGINA\u0141 DELPHI. W ZESTAWIE PODK\u0141ADKI, \u015aRUBA MOCUJ\u0104CE <\/span><span class='langEN'>\u00a0PARTS USED: ORIGINAL DELPHI THE SET INCLUDES WASHERS AND MOUNTING SCREWS<\/span><span class='langUK'>\u0412\u0418\u041a\u041e\u0420\u0418\u0421\u0422\u0410\u041d\u0406 \u0427\u0410\u0421\u0422\u0418\u041d\u0418: \u041e\u0420\u0418\u0413\u0406\u041d\u0410\u041b DELPHI \u0423 \u041a\u041e\u041c\u041f\u041b\u0415\u041a\u0422 \u0406\u0414\u0423\u0422\u042c \u0428\u0410\u0419\u0411\u0418 \u0422\u0410 \u041a\u0420\u0415\u041f\u041b\u0406\u041d\u041d\u0406 \u0413\u0432\u0438\u043d\u0442\u0438 <\/span>\u00a0","protected":false},"featured_media":404,"template":"","meta":{"_acf_changed":false,"_monsterinsights_skip_tracking":false,"_monsterinsights_sitenote_active":false,"_monsterinsights_sitenote_note":"","_monsterinsights_sitenote_category":0},"product_brand":[],"product_cat":[17],"product_tag":[],"class_list":{"0":"post-401","1":"product","2":"type-product","3":"status-publish","4":"has-post-thumbnail","6":"product_cat-wtryskiwacze-pl","8":"first","9":"outofstock","10":"featured","11":"taxable","12":"shipping-taxable","13":"purchasable","14":"product-type-variable"},"acf":[],"aioseo_notices":[],"_links":{"self":[{"href":"https:\/\/dieselstore.eu\/uk\/wp-json\/wp\/v2\/product\/401","targetHints":{"allow":["GET"]}}],"collection":[{"href":"https:\/\/dieselstore.eu\/uk\/wp-json\/wp\/v2\/product"}],"about":[{"href":"https:\/\/dieselstore.eu\/uk\/wp-json\/wp\/v2\/types\/product"}],"wp:featuredmedia":[{"embeddable":true,"href":"https:\/\/dieselstore.eu\/uk\/wp-json\/wp\/v2\/media\/404"}],"wp:attachment":[{"href":"https:\/\/dieselstore.eu\/uk\/wp-json\/wp\/v2\/media?parent=401"}],"wp:term":[{"taxonomy":"product_brand","embeddable":true,"href":"https:\/\/dieselstore.eu\/uk\/wp-json\/wp\/v2\/product_brand?post=401"},{"taxonomy":"product_cat","embeddable":true,"href":"https:\/\/dieselstore.eu\/uk\/wp-json\/wp\/v2\/product_cat?post=401"},{"taxonomy":"product_tag","embeddable":true,"href":"https:\/\/dieselstore.eu\/uk\/wp-json\/wp\/v2\/product_tag?post=401"}],"curies":[{"name":"wp","href":"https:\/\/api.w.org\/{rel}","templated":true}]}}