{"id":3307,"date":"2024-10-26T12:37:28","date_gmt":"2024-10-26T10:37:28","guid":{"rendered":"https:\/\/dieselstore.eu\/?post_type=product&#038;p=3307"},"modified":"2025-07-29T08:49:06","modified_gmt":"2025-07-29T06:49:06","slug":"r9044z035a-2","status":"publish","type":"product","link":"https:\/\/dieselstore.eu\/uk\/produkt\/r9044z035a-2\/","title":{"rendered":"R9044Z035A"},"content":{"rendered":"<p>R9044Z030A<br \/>\nR9044Z032A<br \/>\nR9044Z033A<br \/>\nR9044Z034A<br \/>\nR9044A035B<br \/>\nR9044Z130B<br \/>\nR9044Z035A<br \/>\nR9044Z130A<br \/>\nR9044Z080A<br \/>\nR9044Z090A<br \/>\nR9044Z100A<br \/>\n2C1Q9B395AB<br \/>\n3S7Q9B395AA<br \/>\n6S7Q9B395AA<br \/>\n2C1Q9B395AA<br \/>\n2C1Q9B395AB<br \/>\n5S7Q9B395AA<br \/>\n2C1Q-9B395-AB<br \/>\n3S7Q-9B395-AA<br \/>\n6S7Q-9B395-AA<br \/>\n2C1Q-9B395-AA<br \/>\n2C1Q-9B395-AB<br \/>\n5S7Q-9B395-AA<br \/>\nFord Mondeo MK3 2.0TDCI<br \/>\nFord Transit 2.0TDCI 2.4TDCI<\/p>\n","protected":false},"excerpt":{"rendered":"<span class=\"langPL\"> ZASTOSOWANE CZ\u0118\u015aCI: ORYGINA\u0141 DELPHI<\/span> <span class=\"langEN\"> PARTS USED: ORIGINAL DELPHI<\/span> <span class=\"langUK\"> \u0412\u0418\u041a\u041e\u0420\u0418\u0421\u0422\u0410\u041d\u0406 \u0427\u0410\u0421\u0422\u0418\u041d\u0418: \u041e\u0420\u0418\u0413\u0406\u041d\u0410\u041b DELPHI<\/span>","protected":false},"featured_media":0,"template":"","meta":{"_acf_changed":false,"_monsterinsights_skip_tracking":false,"_monsterinsights_sitenote_active":false,"_monsterinsights_sitenote_note":"","_monsterinsights_sitenote_category":0},"product_brand":[],"product_cat":[17],"product_tag":[],"class_list":{"0":"post-3307","1":"product","2":"type-product","3":"status-publish","5":"product_cat-wtryskiwacze-pl","7":"first","8":"outofstock","9":"taxable","10":"shipping-taxable","11":"purchasable","12":"product-type-variable"},"acf":[],"aioseo_notices":[],"_links":{"self":[{"href":"https:\/\/dieselstore.eu\/uk\/wp-json\/wp\/v2\/product\/3307","targetHints":{"allow":["GET"]}}],"collection":[{"href":"https:\/\/dieselstore.eu\/uk\/wp-json\/wp\/v2\/product"}],"about":[{"href":"https:\/\/dieselstore.eu\/uk\/wp-json\/wp\/v2\/types\/product"}],"wp:attachment":[{"href":"https:\/\/dieselstore.eu\/uk\/wp-json\/wp\/v2\/media?parent=3307"}],"wp:term":[{"taxonomy":"product_brand","embeddable":true,"href":"https:\/\/dieselstore.eu\/uk\/wp-json\/wp\/v2\/product_brand?post=3307"},{"taxonomy":"product_cat","embeddable":true,"href":"https:\/\/dieselstore.eu\/uk\/wp-json\/wp\/v2\/product_cat?post=3307"},{"taxonomy":"product_tag","embeddable":true,"href":"https:\/\/dieselstore.eu\/uk\/wp-json\/wp\/v2\/product_tag?post=3307"}],"curies":[{"name":"wp","href":"https:\/\/api.w.org\/{rel}","templated":true}]}}