{"id":3297,"date":"2024-10-26T12:24:00","date_gmt":"2024-10-26T10:24:00","guid":{"rendered":"https:\/\/dieselstore.eu\/?post_type=product&#038;p=3297"},"modified":"2025-07-29T08:49:11","modified_gmt":"2025-07-29T06:49:11","slug":"a9360702801-3","status":"publish","type":"product","link":"https:\/\/dieselstore.eu\/uk\/produkt\/a9360702801-3\/","title":{"rendered":"A9360702801"},"content":{"rendered":"<p>A9360702501<br \/>\nA9360701501<br \/>\nA9360702801<br \/>\n42031602<br \/>\nBEBH1A00000<br \/>\nBEBH1A04100<br \/>\nBEBH1A04200<br \/>\nBEBH1A05000<br \/>\nBEBH1A05100<br \/>\nBEBH1A05200<br \/>\nBEBH1A05300<br \/>\nA936-070-25-01<br \/>\nA936-070-15-01<br \/>\nA936-070-28-01<br \/>\nMercedes Atego OM936<br \/>\nMercedes Atego Actros<br \/>\nClass<\/p>\n","protected":false},"excerpt":{"rendered":"<span class=\"langPL\"> ZASTOSOWANE CZ\u0118\u015aCI: ORYGINA\u0141 DELPHI<\/span> <span class=\"langEN\"> PARTS USED: ORIGINAL DELPHI<\/span> <span class=\"langUK\"> \u0412\u0418\u041a\u041e\u0420\u0418\u0421\u0422\u0410\u041d\u0406 \u0427\u0410\u0421\u0422\u0418\u041d\u0418: \u041e\u0420\u0418\u0413\u0406\u041d\u0410\u041b DELPHI<\/span>","protected":false},"featured_media":0,"template":"","meta":{"_acf_changed":false,"_monsterinsights_skip_tracking":false,"_monsterinsights_sitenote_active":false,"_monsterinsights_sitenote_note":"","_monsterinsights_sitenote_category":0},"product_brand":[],"product_cat":[17],"product_tag":[],"class_list":{"0":"post-3297","1":"product","2":"type-product","3":"status-publish","5":"product_cat-wtryskiwacze-pl","7":"first","8":"outofstock","9":"taxable","10":"shipping-taxable","11":"product-type-variable"},"acf":[],"aioseo_notices":[],"_links":{"self":[{"href":"https:\/\/dieselstore.eu\/uk\/wp-json\/wp\/v2\/product\/3297","targetHints":{"allow":["GET"]}}],"collection":[{"href":"https:\/\/dieselstore.eu\/uk\/wp-json\/wp\/v2\/product"}],"about":[{"href":"https:\/\/dieselstore.eu\/uk\/wp-json\/wp\/v2\/types\/product"}],"wp:attachment":[{"href":"https:\/\/dieselstore.eu\/uk\/wp-json\/wp\/v2\/media?parent=3297"}],"wp:term":[{"taxonomy":"product_brand","embeddable":true,"href":"https:\/\/dieselstore.eu\/uk\/wp-json\/wp\/v2\/product_brand?post=3297"},{"taxonomy":"product_cat","embeddable":true,"href":"https:\/\/dieselstore.eu\/uk\/wp-json\/wp\/v2\/product_cat?post=3297"},{"taxonomy":"product_tag","embeddable":true,"href":"https:\/\/dieselstore.eu\/uk\/wp-json\/wp\/v2\/product_tag?post=3297"}],"curies":[{"name":"wp","href":"https:\/\/api.w.org\/{rel}","templated":true}]}}