{"id":3235,"date":"2024-10-26T10:16:20","date_gmt":"2024-10-26T08:16:20","guid":{"rendered":"https:\/\/dieselstore.eu\/?post_type=product&#038;p=3235"},"modified":"2025-07-29T08:50:14","modified_gmt":"2025-07-29T06:50:14","slug":"28252614-28447439","status":"publish","type":"product","link":"https:\/\/dieselstore.eu\/uk\/produkt\/28252614-28447439\/","title":{"rendered":"28252614 28447439"},"content":{"rendered":"<p>A6510700301<br \/>\nA6510700701<br \/>\nA6510700901<br \/>\nA6510701201<br \/>\nA6510701801<br \/>\nA6510702601<br \/>\n28249008<br \/>\n28252614<br \/>\n28257495<br \/>\n28261917<br \/>\n28297640<br \/>\n28302063<br \/>\n28343143<br \/>\n28447439<br \/>\n9424A010A<br \/>\n9424A070A<br \/>\nA651-070-03-01<br \/>\nA651-070-07-01<br \/>\nA651-070-09-01<br \/>\nA651-070-12-01<br \/>\nA651-070-18-01<br \/>\nA651-070-26-01<br \/>\nMercedes 2.2CDI OM651<\/p>\n","protected":false},"excerpt":{"rendered":"<span class=\"langPL\"> ZASTOSOWANE CZ\u0118\u015aCI: ORYGINA\u0141 DELPHI<\/span> <span class=\"langEN\"> PARTS USED: ORIGINAL DELPHI<\/span> <span class=\"langUK\"> \u0412\u0418\u041a\u041e\u0420\u0418\u0421\u0422\u0410\u041d\u0406 \u0427\u0410\u0421\u0422\u0418\u041d\u0418: \u041e\u0420\u0418\u0413\u0406\u041d\u0410\u041b DELPHI<\/span>","protected":false},"featured_media":0,"template":"","meta":{"_acf_changed":false,"_monsterinsights_skip_tracking":false,"_monsterinsights_sitenote_active":false,"_monsterinsights_sitenote_note":"","_monsterinsights_sitenote_category":0},"product_brand":[],"product_cat":[17],"product_tag":[],"class_list":{"0":"post-3235","1":"product","2":"type-product","3":"status-publish","5":"product_cat-wtryskiwacze-pl","7":"first","8":"outofstock","9":"taxable","10":"shipping-taxable","11":"purchasable","12":"product-type-variable"},"acf":[],"aioseo_notices":[],"_links":{"self":[{"href":"https:\/\/dieselstore.eu\/uk\/wp-json\/wp\/v2\/product\/3235","targetHints":{"allow":["GET"]}}],"collection":[{"href":"https:\/\/dieselstore.eu\/uk\/wp-json\/wp\/v2\/product"}],"about":[{"href":"https:\/\/dieselstore.eu\/uk\/wp-json\/wp\/v2\/types\/product"}],"wp:attachment":[{"href":"https:\/\/dieselstore.eu\/uk\/wp-json\/wp\/v2\/media?parent=3235"}],"wp:term":[{"taxonomy":"product_brand","embeddable":true,"href":"https:\/\/dieselstore.eu\/uk\/wp-json\/wp\/v2\/product_brand?post=3235"},{"taxonomy":"product_cat","embeddable":true,"href":"https:\/\/dieselstore.eu\/uk\/wp-json\/wp\/v2\/product_cat?post=3235"},{"taxonomy":"product_tag","embeddable":true,"href":"https:\/\/dieselstore.eu\/uk\/wp-json\/wp\/v2\/product_tag?post=3235"}],"curies":[{"name":"wp","href":"https:\/\/api.w.org\/{rel}","templated":true}]}}