{"id":3039,"date":"2024-10-20T17:45:53","date_gmt":"2024-10-20T15:45:53","guid":{"rendered":"https:\/\/dieselstore.eu\/?post_type=product&#038;p=3039"},"modified":"2025-07-29T08:52:52","modified_gmt":"2025-07-29T06:52:52","slug":"097300-001-22100-27010-2","status":"publish","type":"product","link":"https:\/\/dieselstore.eu\/uk\/produkt\/097300-001-22100-27010-2\/","title":{"rendered":"097300-001# 22100-27010"},"content":{"rendered":"<p>097300-0010<br \/>\n097300-0011<br \/>\n097300-0012<br \/>\n097300-0013<br \/>\n097300-0014<br \/>\n097300-0015<br \/>\n097300-0017<br \/>\n097300-0018<br \/>\n0973000010<br \/>\n0973000011<br \/>\n0973000012<br \/>\n0973000013<br \/>\n0973000014<br \/>\n0973000015<br \/>\n0973000017<br \/>\n0973000018<br \/>\n22100-27010<br \/>\n2210027010<br \/>\nToyota 2.0 D4D<br \/>\nD-4D<\/p>\n","protected":false},"excerpt":{"rendered":"<span class=\"langPL\"> ZASTOSOWANE CZ\u0118\u015aCI: ORYGINA\u0141 DENSO<\/span> <span class=\"langEN\"> PARTS USED: ORIGINAL DENSO<\/span> <span class=\"langUK\"> \u0412\u0418\u041a\u041e\u0420\u0418\u0421\u0422\u0410\u041d\u0406 \u0427\u0410\u0421\u0422\u0418\u041d\u0418: \u041e\u0420\u0418\u0413\u0406\u041d\u0410\u041b DENSO<\/span>","protected":false},"featured_media":0,"template":"","meta":{"_acf_changed":false,"_monsterinsights_skip_tracking":false,"_monsterinsights_sitenote_active":false,"_monsterinsights_sitenote_note":"","_monsterinsights_sitenote_category":0},"product_brand":[],"product_cat":[17],"product_tag":[],"class_list":{"0":"post-3039","1":"product","2":"type-product","3":"status-publish","5":"product_cat-wtryskiwacze-pl","7":"first","8":"outofstock","9":"taxable","10":"shipping-taxable","11":"purchasable","12":"product-type-variable"},"acf":[],"aioseo_notices":[],"_links":{"self":[{"href":"https:\/\/dieselstore.eu\/uk\/wp-json\/wp\/v2\/product\/3039","targetHints":{"allow":["GET"]}}],"collection":[{"href":"https:\/\/dieselstore.eu\/uk\/wp-json\/wp\/v2\/product"}],"about":[{"href":"https:\/\/dieselstore.eu\/uk\/wp-json\/wp\/v2\/types\/product"}],"wp:attachment":[{"href":"https:\/\/dieselstore.eu\/uk\/wp-json\/wp\/v2\/media?parent=3039"}],"wp:term":[{"taxonomy":"product_brand","embeddable":true,"href":"https:\/\/dieselstore.eu\/uk\/wp-json\/wp\/v2\/product_brand?post=3039"},{"taxonomy":"product_cat","embeddable":true,"href":"https:\/\/dieselstore.eu\/uk\/wp-json\/wp\/v2\/product_cat?post=3039"},{"taxonomy":"product_tag","embeddable":true,"href":"https:\/\/dieselstore.eu\/uk\/wp-json\/wp\/v2\/product_tag?post=3039"}],"curies":[{"name":"wp","href":"https:\/\/api.w.org\/{rel}","templated":true}]}}