{"id":2964,"date":"2024-10-20T14:00:51","date_gmt":"2024-10-20T12:00:51","guid":{"rendered":"https:\/\/dieselstore.eu\/?post_type=product&#038;p=2964"},"modified":"2025-07-29T08:12:31","modified_gmt":"2025-07-29T06:12:31","slug":"55578075","status":"publish","type":"product","link":"https:\/\/dieselstore.eu\/uk\/produkt\/55578075\/","title":{"rendered":"55578075"},"content":{"rendered":"<p>DCRI301030<br \/>\n295050-1030 \/ 2950501030<br \/>\n295050-1031 \/ 2950501031<br \/>\n295050-1032 \/ 2950501032<br \/>\n295050-1033 \/ 2950501033<br \/>\n295050-1034 \/ 2950501034<br \/>\n295050-1035 \/ 2950501035<br \/>\n295050-1036 \/ 2950501036<br \/>\n295050-1037 \/ 2950501037<br \/>\n295050-1038 \/ 2950501038<br \/>\n295050-1039 \/ 2950501039<br \/>\nOpel 1.6 CDTi<br \/>\nAstra Insignia Meriva Mokka<\/p>\n","protected":false},"excerpt":{"rendered":"<span class=\"langPL\"> ZASTOSOWANE CZ\u0118\u015aCI: ORYGINA\u0141 DENSO<\/span> <span class=\"langEN\"> PARTS USED: ORIGINAL DENSO<\/span> <span class=\"langUK\"> \u0412\u0418\u041a\u041e\u0420\u0418\u0421\u0422\u0410\u041d\u0406 \u0427\u0410\u0421\u0422\u0418\u041d\u0418: \u041e\u0420\u0418\u0413\u0406\u041d\u0410\u041b DENSO<\/span>","protected":false},"featured_media":0,"template":"","meta":{"_acf_changed":false,"_monsterinsights_skip_tracking":false,"_monsterinsights_sitenote_active":false,"_monsterinsights_sitenote_note":"","_monsterinsights_sitenote_category":0},"product_brand":[],"product_cat":[17],"product_tag":[],"class_list":{"0":"post-2964","1":"product","2":"type-product","3":"status-publish","5":"product_cat-wtryskiwacze-pl","7":"first","8":"outofstock","9":"taxable","10":"shipping-taxable","11":"purchasable","12":"product-type-simple"},"acf":[],"aioseo_notices":[],"_links":{"self":[{"href":"https:\/\/dieselstore.eu\/uk\/wp-json\/wp\/v2\/product\/2964","targetHints":{"allow":["GET"]}}],"collection":[{"href":"https:\/\/dieselstore.eu\/uk\/wp-json\/wp\/v2\/product"}],"about":[{"href":"https:\/\/dieselstore.eu\/uk\/wp-json\/wp\/v2\/types\/product"}],"wp:attachment":[{"href":"https:\/\/dieselstore.eu\/uk\/wp-json\/wp\/v2\/media?parent=2964"}],"wp:term":[{"taxonomy":"product_brand","embeddable":true,"href":"https:\/\/dieselstore.eu\/uk\/wp-json\/wp\/v2\/product_brand?post=2964"},{"taxonomy":"product_cat","embeddable":true,"href":"https:\/\/dieselstore.eu\/uk\/wp-json\/wp\/v2\/product_cat?post=2964"},{"taxonomy":"product_tag","embeddable":true,"href":"https:\/\/dieselstore.eu\/uk\/wp-json\/wp\/v2\/product_tag?post=2964"}],"curies":[{"name":"wp","href":"https:\/\/api.w.org\/{rel}","templated":true}]}}