{"id":2820,"date":"2024-10-19T12:26:05","date_gmt":"2024-10-19T10:26:05","guid":{"rendered":"https:\/\/dieselstore.eu\/?post_type=product&#038;p=2820"},"modified":"2025-07-29T08:18:24","modified_gmt":"2025-07-29T06:18:24","slug":"1465a353","status":"publish","type":"product","link":"https:\/\/dieselstore.eu\/uk\/produkt\/1465a353\/","title":{"rendered":"1465A353"},"content":{"rendered":"<p>Mitsubishi Outlander 2.2 DI-D 4N14<br \/>\nDCRI300340<br \/>\n295050-0340 \/ 2950500340<br \/>\n295050-0341 \/ 2950500341<br \/>\n295050-0342 \/ 2950500342<br \/>\n295050-0343 \/ 2950500343<br \/>\n295050-0344 \/ 2950500344<br \/>\n295050-0345 \/ 2950500345<br \/>\n295050-0346 \/ 2950500346<br \/>\n295050-0347 \/ 2950500347<br \/>\n295050-0348 \/ 2950500348<br \/>\n295050-0349 \/ 2950500349<\/p>\n","protected":false},"excerpt":{"rendered":"<span class=\"langPL\"> ZASTOSOWANE CZ\u0118\u015aCI: ORYGINA\u0141 DENSO<\/span> <span class=\"langEN\"> PARTS USED: ORIGINAL DENSO<\/span> <span class=\"langUK\"> \u0412\u0418\u041a\u041e\u0420\u0418\u0421\u0422\u0410\u041d\u0406 \u0427\u0410\u0421\u0422\u0418\u041d\u0418: \u041e\u0420\u0418\u0413\u0406\u041d\u0410\u041b DENSO<\/span>","protected":false},"featured_media":0,"template":"","meta":{"_acf_changed":false,"_monsterinsights_skip_tracking":false,"_monsterinsights_sitenote_active":false,"_monsterinsights_sitenote_note":"","_monsterinsights_sitenote_category":0},"product_brand":[],"product_cat":[17],"product_tag":[],"class_list":{"0":"post-2820","1":"product","2":"type-product","3":"status-publish","5":"product_cat-wtryskiwacze-pl","7":"first","8":"outofstock","9":"taxable","10":"shipping-taxable","11":"purchasable","12":"product-type-simple"},"acf":[],"aioseo_notices":[],"_links":{"self":[{"href":"https:\/\/dieselstore.eu\/uk\/wp-json\/wp\/v2\/product\/2820","targetHints":{"allow":["GET"]}}],"collection":[{"href":"https:\/\/dieselstore.eu\/uk\/wp-json\/wp\/v2\/product"}],"about":[{"href":"https:\/\/dieselstore.eu\/uk\/wp-json\/wp\/v2\/types\/product"}],"wp:attachment":[{"href":"https:\/\/dieselstore.eu\/uk\/wp-json\/wp\/v2\/media?parent=2820"}],"wp:term":[{"taxonomy":"product_brand","embeddable":true,"href":"https:\/\/dieselstore.eu\/uk\/wp-json\/wp\/v2\/product_brand?post=2820"},{"taxonomy":"product_cat","embeddable":true,"href":"https:\/\/dieselstore.eu\/uk\/wp-json\/wp\/v2\/product_cat?post=2820"},{"taxonomy":"product_tag","embeddable":true,"href":"https:\/\/dieselstore.eu\/uk\/wp-json\/wp\/v2\/product_tag?post=2820"}],"curies":[{"name":"wp","href":"https:\/\/api.w.org\/{rel}","templated":true}]}}