{"id":2816,"date":"2024-10-19T12:14:15","date_gmt":"2024-10-19T10:14:15","guid":{"rendered":"https:\/\/dieselstore.eu\/?post_type=product&#038;p=2816"},"modified":"2025-07-29T08:18:47","modified_gmt":"2025-07-29T06:18:47","slug":"1465a257-1465a297-3","status":"publish","type":"product","link":"https:\/\/dieselstore.eu\/uk\/produkt\/1465a257-1465a297-3\/","title":{"rendered":"1465A257 1465A297"},"content":{"rendered":"<p>Mitsubishi L200 Pajero 2.5 DI-D 4D56-HP<br \/>\nDCRI109560<br \/>\n095000-9560 \/ 0950009560<br \/>\n095000-9561 \/ 0950009561<br \/>\n095000-9562 \/ 0950009562<br \/>\n095000-9563 \/ 0950009563<br \/>\n095000-9564 \/ 0950009564<br \/>\n095000-9565 \/ 0950009565<br \/>\n095000-7490 \/ 0950007490<br \/>\n095000-7491 \/ 0950007491<br \/>\n095000-7492 \/ 0950007492<br \/>\n095000-7493 \/ 0950007493<br \/>\n095000-7494 \/ 0950007494<\/p>\n","protected":false},"excerpt":{"rendered":"<span class=\"langPL\"> ZASTOSOWANE CZ\u0118\u015aCI: ORYGINA\u0141 DENSO<\/span> <span class=\"langEN\"> PARTS USED: ORIGINAL DENSO<\/span> <span class=\"langUK\"> \u0412\u0418\u041a\u041e\u0420\u0418\u0421\u0422\u0410\u041d\u0406 \u0427\u0410\u0421\u0422\u0418\u041d\u0418: \u041e\u0420\u0418\u0413\u0406\u041d\u0410\u041b DENSO<\/span>","protected":false},"featured_media":0,"template":"","meta":{"_acf_changed":false,"_monsterinsights_skip_tracking":false,"_monsterinsights_sitenote_active":false,"_monsterinsights_sitenote_note":"","_monsterinsights_sitenote_category":0},"product_brand":[],"product_cat":[17],"product_tag":[],"class_list":{"0":"post-2816","1":"product","2":"type-product","3":"status-publish","5":"product_cat-wtryskiwacze-pl","7":"first","8":"outofstock","9":"taxable","10":"shipping-taxable","11":"purchasable","12":"product-type-simple"},"acf":[],"aioseo_notices":[],"_links":{"self":[{"href":"https:\/\/dieselstore.eu\/uk\/wp-json\/wp\/v2\/product\/2816","targetHints":{"allow":["GET"]}}],"collection":[{"href":"https:\/\/dieselstore.eu\/uk\/wp-json\/wp\/v2\/product"}],"about":[{"href":"https:\/\/dieselstore.eu\/uk\/wp-json\/wp\/v2\/types\/product"}],"wp:attachment":[{"href":"https:\/\/dieselstore.eu\/uk\/wp-json\/wp\/v2\/media?parent=2816"}],"wp:term":[{"taxonomy":"product_brand","embeddable":true,"href":"https:\/\/dieselstore.eu\/uk\/wp-json\/wp\/v2\/product_brand?post=2816"},{"taxonomy":"product_cat","embeddable":true,"href":"https:\/\/dieselstore.eu\/uk\/wp-json\/wp\/v2\/product_cat?post=2816"},{"taxonomy":"product_tag","embeddable":true,"href":"https:\/\/dieselstore.eu\/uk\/wp-json\/wp\/v2\/product_tag?post=2816"}],"curies":[{"name":"wp","href":"https:\/\/api.w.org\/{rel}","templated":true}]}}