{"id":2698,"date":"2024-10-08T14:55:19","date_gmt":"2024-10-08T12:55:19","guid":{"rendered":"https:\/\/dieselstore.eu\/?post_type=product&#038;p=2698"},"modified":"2025-07-29T08:57:06","modified_gmt":"2025-07-29T06:57:06","slug":"20510724-20484073","status":"publish","type":"product","link":"https:\/\/dieselstore.eu\/uk\/produkt\/20510724-20484073\/","title":{"rendered":"20510724 20484073"},"content":{"rendered":"<p>20484073<br \/>\n20497849<br \/>\n85000223<br \/>\n20547350<br \/>\n85000416<br \/>\nEX631016<br \/>\nBEBE4D00001<br \/>\nBEBE4D00002<br \/>\nBEBE4D00003<br \/>\nBEBE4D00103<br \/>\nBEBE4D00203<br \/>\nBEBE4D30001<br \/>\nVOLVO FH<\/p>\n","protected":false},"excerpt":{"rendered":"<span class=\"langPL\"> ZASTOSOWANE CZ\u0118\u015aCI: ORYGINA\u0141 BOSCH<\/span> <span class=\"langEN\"> PARTS USED: ORIGINAL BOSCH<\/span> <span class=\"langUK\"> \u0412\u0418\u041a\u041e\u0420\u0418\u0421\u0422\u0410\u041d\u0406 \u0427\u0410\u0421\u0422\u0418\u041d\u0418: \u041e\u0420\u0418\u0413\u0406\u041d\u0410\u041b BOSCH<\/span>","protected":false},"featured_media":0,"template":"","meta":{"_acf_changed":false,"_monsterinsights_skip_tracking":false,"_monsterinsights_sitenote_active":false,"_monsterinsights_sitenote_note":"","_monsterinsights_sitenote_category":0},"product_brand":[],"product_cat":[17],"product_tag":[],"class_list":{"0":"post-2698","1":"product","2":"type-product","3":"status-publish","5":"product_cat-wtryskiwacze-pl","7":"first","8":"outofstock","9":"taxable","10":"shipping-taxable","11":"purchasable","12":"product-type-variable"},"acf":[],"aioseo_notices":[],"_links":{"self":[{"href":"https:\/\/dieselstore.eu\/uk\/wp-json\/wp\/v2\/product\/2698","targetHints":{"allow":["GET"]}}],"collection":[{"href":"https:\/\/dieselstore.eu\/uk\/wp-json\/wp\/v2\/product"}],"about":[{"href":"https:\/\/dieselstore.eu\/uk\/wp-json\/wp\/v2\/types\/product"}],"wp:attachment":[{"href":"https:\/\/dieselstore.eu\/uk\/wp-json\/wp\/v2\/media?parent=2698"}],"wp:term":[{"taxonomy":"product_brand","embeddable":true,"href":"https:\/\/dieselstore.eu\/uk\/wp-json\/wp\/v2\/product_brand?post=2698"},{"taxonomy":"product_cat","embeddable":true,"href":"https:\/\/dieselstore.eu\/uk\/wp-json\/wp\/v2\/product_cat?post=2698"},{"taxonomy":"product_tag","embeddable":true,"href":"https:\/\/dieselstore.eu\/uk\/wp-json\/wp\/v2\/product_tag?post=2698"}],"curies":[{"name":"wp","href":"https:\/\/api.w.org\/{rel}","templated":true}]}}