{"id":2320,"date":"2024-09-30T15:09:24","date_gmt":"2024-09-30T13:09:24","guid":{"rendered":"https:\/\/dieselstore.eu\/?post_type=product&#038;p=2320"},"modified":"2025-07-29T08:21:58","modified_gmt":"2025-07-29T06:21:58","slug":"5ws40019-5ws40809","status":"publish","type":"product","link":"https:\/\/dieselstore.eu\/uk\/produkt\/5ws40019-5ws40809\/","title":{"rendered":"5WS40019 5WS40809"},"content":{"rendered":"<p>1373546<br \/>\n1920KH<br \/>\n1920KV<br \/>\n1920QH<br \/>\n3M5Q9A543BD<br \/>\n3M5Q-9A543-BD<br \/>\n964454048A<br \/>\n9654091880<br \/>\n96548193980<br \/>\n9681900980<br \/>\n96819445580<br \/>\n9683023580<br \/>\n9683623780<br \/>\n9683627780<br \/>\n9685704880<br \/>\n9688153080<br \/>\nA2C20000598<br \/>\nA2C53334602<\/p>\n","protected":false},"excerpt":{"rendered":"<span class=\"langPL\"> ZASTOSOWANE CZ\u0118\u015aCI: ORYGINA\u0141 BOSCH<\/span> <span class=\"langEN\"> PARTS USED: ORIGINAL BOSCH<\/span> <span class=\"langUK\"> \u0412\u0418\u041a\u041e\u0420\u0418\u0421\u0422\u0410\u041d\u0406 \u0427\u0410\u0421\u0422\u0418\u041d\u0418: \u041e\u0420\u0418\u0413\u0406\u041d\u0410\u041b BOSCH<\/span>","protected":false},"featured_media":0,"template":"","meta":{"_acf_changed":false,"_monsterinsights_skip_tracking":false,"_monsterinsights_sitenote_active":false,"_monsterinsights_sitenote_note":"","_monsterinsights_sitenote_category":0},"product_brand":[],"product_cat":[17],"product_tag":[],"class_list":{"0":"post-2320","1":"product","2":"type-product","3":"status-publish","5":"product_cat-wtryskiwacze-pl","7":"first","8":"outofstock","9":"taxable","10":"shipping-taxable","11":"purchasable","12":"product-type-simple"},"acf":[],"aioseo_notices":[],"_links":{"self":[{"href":"https:\/\/dieselstore.eu\/uk\/wp-json\/wp\/v2\/product\/2320","targetHints":{"allow":["GET"]}}],"collection":[{"href":"https:\/\/dieselstore.eu\/uk\/wp-json\/wp\/v2\/product"}],"about":[{"href":"https:\/\/dieselstore.eu\/uk\/wp-json\/wp\/v2\/types\/product"}],"wp:attachment":[{"href":"https:\/\/dieselstore.eu\/uk\/wp-json\/wp\/v2\/media?parent=2320"}],"wp:term":[{"taxonomy":"product_brand","embeddable":true,"href":"https:\/\/dieselstore.eu\/uk\/wp-json\/wp\/v2\/product_brand?post=2320"},{"taxonomy":"product_cat","embeddable":true,"href":"https:\/\/dieselstore.eu\/uk\/wp-json\/wp\/v2\/product_cat?post=2320"},{"taxonomy":"product_tag","embeddable":true,"href":"https:\/\/dieselstore.eu\/uk\/wp-json\/wp\/v2\/product_tag?post=2320"}],"curies":[{"name":"wp","href":"https:\/\/api.w.org\/{rel}","templated":true}]}}