{"id":2095,"date":"2024-09-24T15:28:22","date_gmt":"2024-09-24T13:28:22","guid":{"rendered":"https:\/\/dieselstore.eu\/?post_type=product&#038;p=2095"},"modified":"2025-01-21T19:39:24","modified_gmt":"2025-01-21T18:39:24","slug":"0445010516-2","status":"publish","type":"product","link":"https:\/\/dieselstore.eu\/uk\/produkt\/0445010516-2\/","title":{"rendered":"0445010516"},"content":{"rendered":"<p>9688499680<br \/>\n0445010552<br \/>\n0986437430<br \/>\n1920RF<\/p>\n","protected":false},"excerpt":{"rendered":"<span class='langPL'> Diagnostyka pompy na przeznaczonym do tego urz\u0105dzeniu testuj\u0105cym. Wynik testu pozwala na okre\u015blenie czy pompa jest przyczyn\u0105 usterki w poje\u017adzie (np. b\u0142\u0119dy ci\u015bnienia, nier\u00f3wna lub g\u0142o\u015bna praca silnika, ci\u0119\u017cki rozruch, zadymienie). Pomp\u0119 nale\u017cy dostarczy\u0107 do siedziby naszej firmy. Mo\u017cna skorzysta\u0107 z naszego kuriera DPD (tylko na obszarze Polski), nale\u017cy poda\u0107 dane adresowe do odbioru przesy\u0142ki. <\/span> <span class='langEN'> Pump diagnostics using a dedicated testing device. The test result allows you to determine whether the vehicle&#8217;s fault is caused by the pump (e.g. pressure errors, rough or noisy engine operation, difficult starting, smoking). The pump should be delivered to our company&#8217;s headquarters. You can use the services of our DPD courier (only in Poland), please provide the address details for collecting the parcel. <\/span> <span class='langUK'>\u0414\u0456\u0430\u0433\u043d\u043e\u0441\u0442\u0438\u043a\u0430 \u0422\u041d\u0412\u0414 \u0437\u0430 \u0434\u043e\u043f\u043e\u043c\u043e\u0433\u043e\u044e \u0441\u043f\u0435\u0446\u0456\u0430\u043b\u044c\u043d\u043e\u0433\u043e \u0442\u0435\u0441\u0442\u043e\u0432\u043e\u0433\u043e \u043f\u0440\u0438\u0441\u0442\u0440\u043e\u044e. \u0420\u0435\u0437\u0443\u043b\u044c\u0442\u0430\u0442 \u043f\u0435\u0440\u0435\u0432\u0456\u0440\u043a\u0438 \u0434\u043e\u0437\u0432\u043e\u043b\u044f\u0454 \u0432\u0438\u0437\u043d\u0430\u0447\u0438\u0442\u0438, \u0447\u0438 \u043d\u0435\u0441\u043f\u0440\u0430\u0432\u043d\u0456\u0441\u0442\u044c \u0430\u0432\u0442\u043e\u043c\u043e\u0431\u0456\u043b\u044f \u0441\u043f\u0440\u0438\u0447\u0438\u043d\u0435\u043d\u0430 \u0422\u041d\u0412\u0414 (\u043d\u0430\u043f\u0440\u0438\u043a\u043b\u0430\u0434, \u043f\u043e\u043c\u0438\u043b\u043a\u0438 \u0442\u0438\u0441\u043a\u0443, \u043d\u0435\u0440\u0456\u0432\u043d\u043e\u043c\u0456\u0440\u043d\u0430 \u0430\u0431\u043e \u0448\u0443\u043c\u043d\u0430 \u0440\u043e\u0431\u043e\u0442\u0430 \u0434\u0432\u0438\u0433\u0443\u043d\u0430, \u0432\u0430\u0436\u043a\u0438\u0439 \u0437\u0430\u043f\u0443\u0441\u043a, \u0434\u0438\u043c\u043b\u0435\u043d\u043d\u044f). \u0422\u041d\u0412\u0414 \u043f\u043e\u0432\u0438\u043d\u043d\u0456 \u0431\u0443\u0442\u0438 \u0434\u043e\u0441\u0442\u0430\u0432\u043b\u0435\u043d\u0456 \u0432 \u0433\u043e\u043b\u043e\u0432\u043d\u0438\u0439 \u043e\u0444\u0456\u0441 \u043d\u0430\u0448\u043e\u0457 \u043a\u043e\u043c\u043f\u0430\u043d\u0456\u0457. \u0412\u0438 \u043c\u043e\u0436\u0435\u0442\u0435 \u0441\u043a\u043e\u0440\u0438\u0441\u0442\u0430\u0442\u0438\u0441\u044f \u043f\u043e\u0441\u043b\u0443\u0433\u0430\u043c\u0438 \u043d\u0430\u0448\u043e\u0433\u043e \u043a\u0443\u0440&#8217;\u0454\u0440\u0430 DPD (\u0442\u0456\u043b\u044c\u043a\u0438 \u0432 \u041f\u043e\u043b\u044c\u0449\u0456), \u0432\u043a\u0430\u0436\u0456\u0442\u044c \u0430\u0434\u0440\u0435\u0441\u0443 \u0434\u043b\u044f \u043e\u0442\u0440\u0438\u043c\u0430\u043d\u043d\u044f \u043f\u043e\u0441\u0438\u043b\u043a\u0438.<\/span>\r\n\u00a0\r\n\u00a0","protected":false},"featured_media":8241,"template":"","meta":{"_acf_changed":false,"_monsterinsights_skip_tracking":false,"_monsterinsights_sitenote_active":false,"_monsterinsights_sitenote_note":"","_monsterinsights_sitenote_category":0},"product_brand":[],"product_cat":[45],"product_tag":[],"class_list":{"0":"post-2095","1":"product","2":"type-product","3":"status-publish","4":"has-post-thumbnail","6":"product_cat-pompy-wtryskowe-pl","8":"first","9":"instock","10":"taxable","11":"shipping-taxable","12":"product-type-external"},"acf":[],"aioseo_notices":[],"_links":{"self":[{"href":"https:\/\/dieselstore.eu\/uk\/wp-json\/wp\/v2\/product\/2095","targetHints":{"allow":["GET"]}}],"collection":[{"href":"https:\/\/dieselstore.eu\/uk\/wp-json\/wp\/v2\/product"}],"about":[{"href":"https:\/\/dieselstore.eu\/uk\/wp-json\/wp\/v2\/types\/product"}],"wp:featuredmedia":[{"embeddable":true,"href":"https:\/\/dieselstore.eu\/uk\/wp-json\/wp\/v2\/media\/8241"}],"wp:attachment":[{"href":"https:\/\/dieselstore.eu\/uk\/wp-json\/wp\/v2\/media?parent=2095"}],"wp:term":[{"taxonomy":"product_brand","embeddable":true,"href":"https:\/\/dieselstore.eu\/uk\/wp-json\/wp\/v2\/product_brand?post=2095"},{"taxonomy":"product_cat","embeddable":true,"href":"https:\/\/dieselstore.eu\/uk\/wp-json\/wp\/v2\/product_cat?post=2095"},{"taxonomy":"product_tag","embeddable":true,"href":"https:\/\/dieselstore.eu\/uk\/wp-json\/wp\/v2\/product_tag?post=2095"}],"curies":[{"name":"wp","href":"https:\/\/api.w.org\/{rel}","templated":true}]}}