{"id":2019,"date":"2024-09-18T15:55:10","date_gmt":"2024-09-18T13:55:10","guid":{"rendered":"https:\/\/dieselstore.eu\/?post_type=product&#038;p=2019"},"modified":"2025-07-29T09:04:39","modified_gmt":"2025-07-29T07:04:39","slug":"0445010097-0445010156-2","status":"publish","type":"product","link":"https:\/\/dieselstore.eu\/uk\/produkt\/0445010097-0445010156-2\/","title":{"rendered":"0445010097 0445010156"},"content":{"rendered":"<p>0445010128<br \/>\n0445010155<br \/>\n0445010156<br \/>\n0445010184<br \/>\n0445010241<br \/>\n0445010287<br \/>\n0445010288<br \/>\n0445010291<br \/>\n0445010365<br \/>\n0986437025<br \/>\n55185339<br \/>\n0055209063<br \/>\n55192138<br \/>\n0055206679<br \/>\n55206679<br \/>\n55230478<br \/>\n55193731<br \/>\n55204599<br \/>\n93188710<br \/>\n93190245<br \/>\n0055204600<br \/>\n55193840<br \/>\n0986437026<br \/>\n0055206680<\/p>\n","protected":false},"excerpt":{"rendered":"<span class=\"langPL\"> ZASTOSOWANE CZ\u0118\u015aCI: ORYGINA\u0141 BOSCH<\/span> <span class=\"langEN\"> PARTS USED: ORIGINAL BOSCH<\/span> <span class=\"langUK\"> \u0412\u0418\u041a\u041e\u0420\u0418\u0421\u0422\u0410\u041d\u0406 \u0427\u0410\u0421\u0422\u0418\u041d\u0418: \u041e\u0420\u0418\u0413\u0406\u041d\u0410\u041b BOSCH<\/span>","protected":false},"featured_media":0,"template":"","meta":{"_acf_changed":false,"_monsterinsights_skip_tracking":false,"_monsterinsights_sitenote_active":false,"_monsterinsights_sitenote_note":"","_monsterinsights_sitenote_category":0},"product_brand":[],"product_cat":[17],"product_tag":[],"class_list":{"0":"post-2019","1":"product","2":"type-product","3":"status-publish","5":"product_cat-wtryskiwacze-pl","7":"first","8":"outofstock","9":"taxable","10":"shipping-taxable","11":"purchasable","12":"product-type-variable"},"acf":[],"aioseo_notices":[],"_links":{"self":[{"href":"https:\/\/dieselstore.eu\/uk\/wp-json\/wp\/v2\/product\/2019","targetHints":{"allow":["GET"]}}],"collection":[{"href":"https:\/\/dieselstore.eu\/uk\/wp-json\/wp\/v2\/product"}],"about":[{"href":"https:\/\/dieselstore.eu\/uk\/wp-json\/wp\/v2\/types\/product"}],"wp:attachment":[{"href":"https:\/\/dieselstore.eu\/uk\/wp-json\/wp\/v2\/media?parent=2019"}],"wp:term":[{"taxonomy":"product_brand","embeddable":true,"href":"https:\/\/dieselstore.eu\/uk\/wp-json\/wp\/v2\/product_brand?post=2019"},{"taxonomy":"product_cat","embeddable":true,"href":"https:\/\/dieselstore.eu\/uk\/wp-json\/wp\/v2\/product_cat?post=2019"},{"taxonomy":"product_tag","embeddable":true,"href":"https:\/\/dieselstore.eu\/uk\/wp-json\/wp\/v2\/product_tag?post=2019"}],"curies":[{"name":"wp","href":"https:\/\/api.w.org\/{rel}","templated":true}]}}