{"id":1936,"date":"2024-09-14T16:56:21","date_gmt":"2024-09-14T14:56:21","guid":{"rendered":"https:\/\/dieselstore.eu\/?post_type=product&#038;p=1936"},"modified":"2025-07-29T08:27:50","modified_gmt":"2025-07-29T06:27:50","slug":"8201100113-166006212r","status":"publish","type":"product","link":"https:\/\/dieselstore.eu\/uk\/produkt\/8201100113-166006212r\/","title":{"rendered":"8201100113 166006212R"},"content":{"rendered":"<p>A2C59507596<br \/>\n1660000Q1W<br \/>\n166000-0Q1W<br \/>\n16600-6212R<br \/>\n166006212R<br \/>\n166006526R<br \/>\n16600-6526R<br \/>\n8201041272<br \/>\n8201100113<br \/>\nA2C53381618<br \/>\nA2C89916400<br \/>\nA6070700087<br \/>\nA6070700200<br \/>\nA607070087<br \/>\nH8201100113<br \/>\nMercedes Citan, CLA 111CDI 180d, Renault 1.5dCi<\/p>\n","protected":false},"excerpt":{"rendered":"<span class=\"langPL\"> ZASTOSOWANE CZ\u0118\u015aCI: ORYGINA\u0141 BOSCH<\/span> <span class=\"langEN\"> PARTS USED: ORIGINAL BOSCH<\/span> <span class=\"langUK\"> \u0412\u0418\u041a\u041e\u0420\u0418\u0421\u0422\u0410\u041d\u0406 \u0427\u0410\u0421\u0422\u0418\u041d\u0418: \u041e\u0420\u0418\u0413\u0406\u041d\u0410\u041b BOSCH<\/span>","protected":false},"featured_media":0,"template":"","meta":{"_acf_changed":false,"_monsterinsights_skip_tracking":false,"_monsterinsights_sitenote_active":false,"_monsterinsights_sitenote_note":"","_monsterinsights_sitenote_category":0},"product_brand":[],"product_cat":[17],"product_tag":[],"class_list":{"0":"post-1936","1":"product","2":"type-product","3":"status-publish","5":"product_cat-wtryskiwacze-pl","7":"first","8":"outofstock","9":"taxable","10":"shipping-taxable","11":"purchasable","12":"product-type-simple"},"acf":[],"aioseo_notices":[],"_links":{"self":[{"href":"https:\/\/dieselstore.eu\/uk\/wp-json\/wp\/v2\/product\/1936","targetHints":{"allow":["GET"]}}],"collection":[{"href":"https:\/\/dieselstore.eu\/uk\/wp-json\/wp\/v2\/product"}],"about":[{"href":"https:\/\/dieselstore.eu\/uk\/wp-json\/wp\/v2\/types\/product"}],"wp:attachment":[{"href":"https:\/\/dieselstore.eu\/uk\/wp-json\/wp\/v2\/media?parent=1936"}],"wp:term":[{"taxonomy":"product_brand","embeddable":true,"href":"https:\/\/dieselstore.eu\/uk\/wp-json\/wp\/v2\/product_brand?post=1936"},{"taxonomy":"product_cat","embeddable":true,"href":"https:\/\/dieselstore.eu\/uk\/wp-json\/wp\/v2\/product_cat?post=1936"},{"taxonomy":"product_tag","embeddable":true,"href":"https:\/\/dieselstore.eu\/uk\/wp-json\/wp\/v2\/product_tag?post=1936"}],"curies":[{"name":"wp","href":"https:\/\/api.w.org\/{rel}","templated":true}]}}