{"id":1933,"date":"2024-09-14T16:50:24","date_gmt":"2024-09-14T14:50:24","guid":{"rendered":"https:\/\/dieselstore.eu\/?post_type=product&#038;p=1933"},"modified":"2025-07-29T08:27:58","modified_gmt":"2025-07-29T06:27:58","slug":"8200903034-3","status":"publish","type":"product","link":"https:\/\/dieselstore.eu\/uk\/produkt\/8200903034-3\/","title":{"rendered":"8200903034"},"content":{"rendered":"<p>A2C59513484<br \/>\n1660000Q1F<br \/>\n16600-00Q1F<br \/>\n1660000Q1V<br \/>\n16600-00Q1V<br \/>\n166004305R<br \/>\n16600-4305R<br \/>\n166008052R<br \/>\n16600-8052R<br \/>\n5WS40536<br \/>\n8200704180<br \/>\n8200704191<br \/>\n8200903034<br \/>\nA2C53216006<br \/>\nH8200704191<br \/>\n8200704191<br \/>\nRenault Dacia Nissan 1.5dCi<\/p>\n","protected":false},"excerpt":{"rendered":"<span class=\"langPL\"> ZASTOSOWANE CZ\u0118\u015aCI: ORYGINA\u0141 BOSCH<\/span> <span class=\"langEN\"> PARTS USED: ORIGINAL BOSCH<\/span> <span class=\"langUK\"> \u0412\u0418\u041a\u041e\u0420\u0418\u0421\u0422\u0410\u041d\u0406 \u0427\u0410\u0421\u0422\u0418\u041d\u0418: \u041e\u0420\u0418\u0413\u0406\u041d\u0410\u041b BOSCH<\/span>","protected":false},"featured_media":0,"template":"","meta":{"_acf_changed":false,"_monsterinsights_skip_tracking":false,"_monsterinsights_sitenote_active":false,"_monsterinsights_sitenote_note":"","_monsterinsights_sitenote_category":0},"product_brand":[],"product_cat":[17],"product_tag":[],"class_list":{"0":"post-1933","1":"product","2":"type-product","3":"status-publish","5":"product_cat-wtryskiwacze-pl","7":"first","8":"outofstock","9":"taxable","10":"shipping-taxable","11":"purchasable","12":"product-type-simple"},"acf":[],"aioseo_notices":[],"_links":{"self":[{"href":"https:\/\/dieselstore.eu\/uk\/wp-json\/wp\/v2\/product\/1933","targetHints":{"allow":["GET"]}}],"collection":[{"href":"https:\/\/dieselstore.eu\/uk\/wp-json\/wp\/v2\/product"}],"about":[{"href":"https:\/\/dieselstore.eu\/uk\/wp-json\/wp\/v2\/types\/product"}],"wp:attachment":[{"href":"https:\/\/dieselstore.eu\/uk\/wp-json\/wp\/v2\/media?parent=1933"}],"wp:term":[{"taxonomy":"product_brand","embeddable":true,"href":"https:\/\/dieselstore.eu\/uk\/wp-json\/wp\/v2\/product_brand?post=1933"},{"taxonomy":"product_cat","embeddable":true,"href":"https:\/\/dieselstore.eu\/uk\/wp-json\/wp\/v2\/product_cat?post=1933"},{"taxonomy":"product_tag","embeddable":true,"href":"https:\/\/dieselstore.eu\/uk\/wp-json\/wp\/v2\/product_tag?post=1933"}],"curies":[{"name":"wp","href":"https:\/\/api.w.org\/{rel}","templated":true}]}}