{"id":1914,"date":"2024-09-14T16:08:12","date_gmt":"2024-09-14T14:08:12","guid":{"rendered":"https:\/\/dieselstore.eu\/?post_type=product&#038;p=1914"},"modified":"2025-10-29T16:33:34","modified_gmt":"2025-10-29T15:33:34","slug":"16600-0372r-3","status":"publish","type":"product","link":"https:\/\/dieselstore.eu\/uk\/produkt\/16600-0372r-3\/","title":{"rendered":"16600-0372R"},"content":{"rendered":"<p>A2C3335190080<br \/>\n166000372R<br \/>\n16600-0372R<br \/>\n16600-2452R<br \/>\n166092452R<br \/>\n166093282r<br \/>\n16600-00Q2K<br \/>\n16609-3282R<br \/>\n166097675R<br \/>\n16609-7675R<br \/>\n16600-7840R<br \/>\n166007840R<br \/>\n4423649<br \/>\n95519033<br \/>\n95523171<br \/>\n95523536<br \/>\nA2C33351900<br \/>\nHMLGT5164R<br \/>\nRenault Master, Opel Movano, Nissan NV400 2.3d Bi-Turbo. Mercedes X-Klasa<\/p>\n","protected":false},"excerpt":{"rendered":"<span class=\"langPL\"> ZASTOSOWANE CZ\u0118\u015aCI: ORYGINA\u0141 BOSCH<\/span> <span class=\"langEN\"> PARTS USED: ORIGINAL BOSCH<\/span> <span class=\"langUK\"> \u0412\u0418\u041a\u041e\u0420\u0418\u0421\u0422\u0410\u041d\u0406 \u0427\u0410\u0421\u0422\u0418\u041d\u0418: \u041e\u0420\u0418\u0413\u0406\u041d\u0410\u041b BOSCH<\/span>","protected":false},"featured_media":0,"template":"","meta":{"_acf_changed":false,"_monsterinsights_skip_tracking":false,"_monsterinsights_sitenote_active":false,"_monsterinsights_sitenote_note":"","_monsterinsights_sitenote_category":0},"product_brand":[],"product_cat":[17],"product_tag":[],"class_list":{"0":"post-1914","1":"product","2":"type-product","3":"status-publish","5":"product_cat-wtryskiwacze-pl","7":"first","8":"outofstock","9":"taxable","10":"shipping-taxable","11":"purchasable","12":"product-type-simple"},"acf":[],"aioseo_notices":[],"_links":{"self":[{"href":"https:\/\/dieselstore.eu\/uk\/wp-json\/wp\/v2\/product\/1914","targetHints":{"allow":["GET"]}}],"collection":[{"href":"https:\/\/dieselstore.eu\/uk\/wp-json\/wp\/v2\/product"}],"about":[{"href":"https:\/\/dieselstore.eu\/uk\/wp-json\/wp\/v2\/types\/product"}],"wp:attachment":[{"href":"https:\/\/dieselstore.eu\/uk\/wp-json\/wp\/v2\/media?parent=1914"}],"wp:term":[{"taxonomy":"product_brand","embeddable":true,"href":"https:\/\/dieselstore.eu\/uk\/wp-json\/wp\/v2\/product_brand?post=1914"},{"taxonomy":"product_cat","embeddable":true,"href":"https:\/\/dieselstore.eu\/uk\/wp-json\/wp\/v2\/product_cat?post=1914"},{"taxonomy":"product_tag","embeddable":true,"href":"https:\/\/dieselstore.eu\/uk\/wp-json\/wp\/v2\/product_tag?post=1914"}],"curies":[{"name":"wp","href":"https:\/\/api.w.org\/{rel}","templated":true}]}}