{"id":1564,"date":"2024-08-27T14:03:27","date_gmt":"2024-08-27T12:03:27","guid":{"rendered":"https:\/\/dieselstore.eu\/?post_type=product&#038;p=1564"},"modified":"2025-07-29T08:35:28","modified_gmt":"2025-07-29T06:35:28","slug":"0445116023","status":"publish","type":"product","link":"https:\/\/dieselstore.eu\/uk\/produkt\/0445116023\/","title":{"rendered":"0445116023"},"content":{"rendered":"<p>059130277CJ<br \/>\n059130277AP<br \/>\n059130277BE<br \/>\n059130277AR<br \/>\n0445116007<br \/>\n0445116008<br \/>\n0445116015<br \/>\n0445116014<br \/>\n0445116023<br \/>\n0445116022<br \/>\n0445116047<br \/>\n0986435357<br \/>\n0986435379<br \/>\nAUDI A4 A5 A6 Q5 Q7 : 2.7 3.0 TDI<br \/>\nVW TOUAREG 3.0 TDI<br \/>\nPORSCHE CAYENNE 3.0<\/p>\n","protected":false},"excerpt":{"rendered":"<span class=\"langPL\"> ZASTOSOWANE CZ\u0118\u015aCI: ORYGINA\u0141 BOSCH<\/span> <span class=\"langEN\"> PARTS USED: ORIGINAL BOSCH<\/span> <span class=\"langUK\"> \u0412\u0418\u041a\u041e\u0420\u0418\u0421\u0422\u0410\u041d\u0406 \u0427\u0410\u0421\u0422\u0418\u041d\u0418: \u041e\u0420\u0418\u0413\u0406\u041d\u0410\u041b BOSCH<\/span>","protected":false},"featured_media":0,"template":"","meta":{"_acf_changed":false,"_monsterinsights_skip_tracking":false,"_monsterinsights_sitenote_active":false,"_monsterinsights_sitenote_note":"","_monsterinsights_sitenote_category":0},"product_brand":[],"product_cat":[17],"product_tag":[],"class_list":{"0":"post-1564","1":"product","2":"type-product","3":"status-publish","5":"product_cat-wtryskiwacze-pl","7":"first","8":"outofstock","9":"taxable","10":"shipping-taxable","11":"purchasable","12":"product-type-simple"},"acf":[],"aioseo_notices":[],"_links":{"self":[{"href":"https:\/\/dieselstore.eu\/uk\/wp-json\/wp\/v2\/product\/1564","targetHints":{"allow":["GET"]}}],"collection":[{"href":"https:\/\/dieselstore.eu\/uk\/wp-json\/wp\/v2\/product"}],"about":[{"href":"https:\/\/dieselstore.eu\/uk\/wp-json\/wp\/v2\/types\/product"}],"wp:attachment":[{"href":"https:\/\/dieselstore.eu\/uk\/wp-json\/wp\/v2\/media?parent=1564"}],"wp:term":[{"taxonomy":"product_brand","embeddable":true,"href":"https:\/\/dieselstore.eu\/uk\/wp-json\/wp\/v2\/product_brand?post=1564"},{"taxonomy":"product_cat","embeddable":true,"href":"https:\/\/dieselstore.eu\/uk\/wp-json\/wp\/v2\/product_cat?post=1564"},{"taxonomy":"product_tag","embeddable":true,"href":"https:\/\/dieselstore.eu\/uk\/wp-json\/wp\/v2\/product_tag?post=1564"}],"curies":[{"name":"wp","href":"https:\/\/api.w.org\/{rel}","templated":true}]}}