{"id":1498,"date":"2024-06-14T13:28:03","date_gmt":"2024-06-14T11:28:03","guid":{"rendered":"https:\/\/dieselstore.eu\/?post_type=product&#038;p=1498"},"modified":"2025-07-29T08:37:54","modified_gmt":"2025-07-29T06:37:54","slug":"0445115027-0445115064-cdi-2","status":"publish","type":"product","link":"https:\/\/dieselstore.eu\/uk\/produkt\/0445115027-0445115064-cdi-2\/","title":{"rendered":"0445115027 0445115064 CDI"},"content":{"rendered":"<p>0445115063<br \/>\n0445115026<br \/>\n0445115071<br \/>\n0445115072<br \/>\n0445115075<br \/>\n0445115076<br \/>\n0445115005<br \/>\n0445115006<br \/>\n0445115016<br \/>\n0445115017<br \/>\nA642-070-00-87<br \/>\nA642-070-05-87<br \/>\nA642-070-13-87<br \/>\nA642-070-17-87<br \/>\nA642-070-18-87<br \/>\nA642-070-19-87<br \/>\nA642-070-04-87<br \/>\nA6420700087<br \/>\nA6420700587<br \/>\nA6420701387<br \/>\nA6420701787<br \/>\nA6420701887<br \/>\nA6420701987<br \/>\nA6420700487<br \/>\n0986435355<br \/>\nMercedes 3.0 CDI<br \/>\nJeep Grand Cherokee 3.0 CRD<\/p>\n","protected":false},"excerpt":{"rendered":"<span class=\"langPL\"> ZASTOSOWANE CZ\u0118\u015aCI: ORYGINA\u0141 BOSCH<\/span> <span class=\"langEN\"> PARTS USED: ORIGINAL BOSCH<\/span> <span class=\"langUK\"> \u0412\u0418\u041a\u041e\u0420\u0418\u0421\u0422\u0410\u041d\u0406 \u0427\u0410\u0421\u0422\u0418\u041d\u0418: \u041e\u0420\u0418\u0413\u0406\u041d\u0410\u041b BOSCH<\/span>","protected":false},"featured_media":0,"template":"","meta":{"_acf_changed":false,"_monsterinsights_skip_tracking":false,"_monsterinsights_sitenote_active":false,"_monsterinsights_sitenote_note":"","_monsterinsights_sitenote_category":0},"product_brand":[],"product_cat":[17],"product_tag":[],"class_list":{"0":"post-1498","1":"product","2":"type-product","3":"status-publish","5":"product_cat-wtryskiwacze-pl","7":"first","8":"outofstock","9":"taxable","10":"shipping-taxable","11":"purchasable","12":"product-type-simple"},"acf":[],"aioseo_notices":[],"_links":{"self":[{"href":"https:\/\/dieselstore.eu\/uk\/wp-json\/wp\/v2\/product\/1498","targetHints":{"allow":["GET"]}}],"collection":[{"href":"https:\/\/dieselstore.eu\/uk\/wp-json\/wp\/v2\/product"}],"about":[{"href":"https:\/\/dieselstore.eu\/uk\/wp-json\/wp\/v2\/types\/product"}],"wp:attachment":[{"href":"https:\/\/dieselstore.eu\/uk\/wp-json\/wp\/v2\/media?parent=1498"}],"wp:term":[{"taxonomy":"product_brand","embeddable":true,"href":"https:\/\/dieselstore.eu\/uk\/wp-json\/wp\/v2\/product_brand?post=1498"},{"taxonomy":"product_cat","embeddable":true,"href":"https:\/\/dieselstore.eu\/uk\/wp-json\/wp\/v2\/product_cat?post=1498"},{"taxonomy":"product_tag","embeddable":true,"href":"https:\/\/dieselstore.eu\/uk\/wp-json\/wp\/v2\/product_tag?post=1498"}],"curies":[{"name":"wp","href":"https:\/\/api.w.org\/{rel}","templated":true}]}}