{"id":267,"date":"2023-12-06T13:15:41","date_gmt":"2023-12-06T12:15:41","guid":{"rendered":"http:\/\/dieselstore.eu\/%d0%ba%d0%be%d0%bd%d1%82%d0%b0%d0%ba%d1%82\/"},"modified":"2024-02-28T18:26:58","modified_gmt":"2024-02-28T17:26:58","slug":"%d0%ba%d0%be%d0%bd%d1%82%d0%b0%d0%ba%d1%82","status":"publish","type":"page","link":"https:\/\/dieselstore.eu\/uk\/%d0%ba%d0%be%d0%bd%d1%82%d0%b0%d0%ba%d1%82\/","title":{"rendered":"\u043a\u043e\u043d\u0442\u0430\u043a\u0442"},"content":{"rendered":"\n<p><strong>DIESEL SERVICE W\u0141OCH<\/strong><\/p>\n\n\n\n<p>Kol.Skrob\u00f3w 88A,<br>21-100 Lubart\u00f3w, Polska<\/p>\n\n\n\n<p>\u0422\u0435\u043b\u0435\u0444\u043e\u043d <a href=\"tel:+48694868484\">+48 694 868 484<\/a><\/p>\n\n\n\n<p>e-mail: <a href=\"mailto:dieselstore.eu@gmail.com\">dieselstore.eu@gmail.com<\/a><\/p>\n","protected":false},"excerpt":{"rendered":"DIESEL SERVICE W\u0141OCH Kol.Skrob\u00f3w 88A,21-100 Lubart\u00f3w, Polska \u0422\u0435\u043b\u0435\u0444\u043e\u043d +48 694 868 484 e-mail: dieselstore.eu@gmail.com","protected":false},"author":1,"featured_media":0,"parent":0,"menu_order":0,"comment_status":"closed","ping_status":"closed","template":"page-full.php","meta":{"_acf_changed":false,"_monsterinsights_skip_tracking":false,"_monsterinsights_sitenote_active":false,"_monsterinsights_sitenote_note":"","_monsterinsights_sitenote_category":0,"footnotes":""},"class_list":["post-267","page","type-page","status-publish","hentry"],"acf":[],"aioseo_notices":[],"_links":{"self":[{"href":"https:\/\/dieselstore.eu\/uk\/wp-json\/wp\/v2\/pages\/267","targetHints":{"allow":["GET"]}}],"collection":[{"href":"https:\/\/dieselstore.eu\/uk\/wp-json\/wp\/v2\/pages"}],"about":[{"href":"https:\/\/dieselstore.eu\/uk\/wp-json\/wp\/v2\/types\/page"}],"author":[{"embeddable":true,"href":"https:\/\/dieselstore.eu\/uk\/wp-json\/wp\/v2\/users\/1"}],"replies":[{"embeddable":true,"href":"https:\/\/dieselstore.eu\/uk\/wp-json\/wp\/v2\/comments?post=267"}],"version-history":[{"count":1,"href":"https:\/\/dieselstore.eu\/uk\/wp-json\/wp\/v2\/pages\/267\/revisions"}],"predecessor-version":[{"id":350,"href":"https:\/\/dieselstore.eu\/uk\/wp-json\/wp\/v2\/pages\/267\/revisions\/350"}],"wp:attachment":[{"href":"https:\/\/dieselstore.eu\/uk\/wp-json\/wp\/v2\/media?parent=267"}],"curies":[{"name":"wp","href":"https:\/\/api.w.org\/{rel}","templated":true}]}}