{"id":743,"date":"2024-06-05T12:00:05","date_gmt":"2024-06-05T10:00:05","guid":{"rendered":"https:\/\/dieselstore.eu\/?post_type=product&#038;p=743"},"modified":"2025-06-11T19:15:00","modified_gmt":"2025-06-11T17:15:00","slug":"0445110036-2","status":"publish","type":"product","link":"https:\/\/dieselstore.eu\/en\/produkt\/0445110036-2\/","title":{"rendered":"0445110036"},"content":{"rendered":"<p>9638444780<br \/>\n9638444880<br \/>\n9638444980<br \/>\n9653345780<br \/>\n9653345880<br \/>\n9653345980<br \/>\n9653344880<br \/>\n198073<br \/>\n1980H4<br \/>\n1980H5<br \/>\n1980H6<br \/>\n96282404<br \/>\n96364040<br \/>\n96372779<br \/>\n96533448<br \/>\n0986435013<br \/>\n0986435014<br \/>\n0986435015<br \/>\nFiat Ulysse , Citroen Peugeot 2.2 HDi , Suzuki 2.2HDi<\/p>\n","protected":false},"excerpt":{"rendered":"<span class=\"langPL\"> ZASTOSOWANE CZ\u0118\u015aCI: ORYGINA\u0141 BOSCH<\/span> <span class=\"langEN\"> PARTS USED: ORIGINAL BOSCH<\/span> <span class=\"langUK\"> \u0412\u0418\u041a\u041e\u0420\u0418\u0421\u0422\u0410\u041d\u0406 \u0427\u0410\u0421\u0422\u0418\u041d\u0418: \u041e\u0420\u0418\u0413\u0406\u041d\u0410\u041b BOSCH<\/span>","protected":false},"featured_media":0,"template":"","meta":{"_acf_changed":false,"_monsterinsights_skip_tracking":false,"_monsterinsights_sitenote_active":false,"_monsterinsights_sitenote_note":"","_monsterinsights_sitenote_category":0},"product_brand":[],"product_cat":[17],"product_tag":[],"class_list":{"0":"post-743","1":"product","2":"type-product","3":"status-publish","5":"product_cat-wtryskiwacze-pl","7":"first","8":"outofstock","9":"taxable","10":"shipping-taxable","11":"purchasable","12":"product-type-variable"},"acf":[],"aioseo_notices":[],"_links":{"self":[{"href":"https:\/\/dieselstore.eu\/en\/wp-json\/wp\/v2\/product\/743","targetHints":{"allow":["GET"]}}],"collection":[{"href":"https:\/\/dieselstore.eu\/en\/wp-json\/wp\/v2\/product"}],"about":[{"href":"https:\/\/dieselstore.eu\/en\/wp-json\/wp\/v2\/types\/product"}],"wp:attachment":[{"href":"https:\/\/dieselstore.eu\/en\/wp-json\/wp\/v2\/media?parent=743"}],"wp:term":[{"taxonomy":"product_brand","embeddable":true,"href":"https:\/\/dieselstore.eu\/en\/wp-json\/wp\/v2\/product_brand?post=743"},{"taxonomy":"product_cat","embeddable":true,"href":"https:\/\/dieselstore.eu\/en\/wp-json\/wp\/v2\/product_cat?post=743"},{"taxonomy":"product_tag","embeddable":true,"href":"https:\/\/dieselstore.eu\/en\/wp-json\/wp\/v2\/product_tag?post=743"}],"curies":[{"name":"wp","href":"https:\/\/api.w.org\/{rel}","templated":true}]}}