{"id":6302,"date":"2024-12-28T14:53:17","date_gmt":"2024-12-28T13:53:17","guid":{"rendered":"https:\/\/dieselstore.eu\/?post_type=product&#038;p=6302"},"modified":"2025-07-29T08:48:19","modified_gmt":"2025-07-29T06:48:19","slug":"294000-099-2","status":"publish","type":"product","link":"https:\/\/dieselstore.eu\/en\/produkt\/294000-099-2\/","title":{"rendered":"294000-099#"},"content":{"rendered":"<p>294000-0992<br \/>\n294000-0991<br \/>\n294000-0993<br \/>\n294000-0994<br \/>\n294000-0990<br \/>\n2940000992<br \/>\n2940000991<br \/>\n2940000993<br \/>\n2940000994<br \/>\n2940000990<br \/>\n1460A043<br \/>\nDCRP300990<br \/>\nCitroen C4 Aircross 1.8 HDi 4N13<br \/>\nMitsubishi ASX 1.8 DI-D 2.2 DI-D 4N13 4N14<br \/>\nMitsubishi Outlander 2.2 DI-D 4N14<br \/>\nPeugeot 4008 1.8 HDi 6HZ 4N13<\/p>\n","protected":false},"excerpt":{"rendered":"<span class=\"langPL\"> ZASTOSOWANE CZ\u0118\u015aCI: ORYGINA\u0141 DENSO<\/span> <span class=\"langEN\"> PARTS USED: ORIGINAL DENSO<\/span> <span class=\"langUK\"> \u0412\u0418\u041a\u041e\u0420\u0418\u0421\u0422\u0410\u041d\u0406 \u0427\u0410\u0421\u0422\u0418\u041d\u0418: \u041e\u0420\u0418\u0413\u0406\u041d\u0410\u041b DENSO<\/span>","protected":false},"featured_media":0,"template":"","meta":{"_acf_changed":false,"_monsterinsights_skip_tracking":false,"_monsterinsights_sitenote_active":false,"_monsterinsights_sitenote_note":"","_monsterinsights_sitenote_category":0},"product_brand":[],"product_cat":[17],"product_tag":[],"class_list":{"0":"post-6302","1":"product","2":"type-product","3":"status-publish","5":"product_cat-wtryskiwacze-pl","7":"first","8":"outofstock","9":"taxable","10":"shipping-taxable","11":"purchasable","12":"product-type-variable"},"acf":[],"aioseo_notices":[],"_links":{"self":[{"href":"https:\/\/dieselstore.eu\/en\/wp-json\/wp\/v2\/product\/6302","targetHints":{"allow":["GET"]}}],"collection":[{"href":"https:\/\/dieselstore.eu\/en\/wp-json\/wp\/v2\/product"}],"about":[{"href":"https:\/\/dieselstore.eu\/en\/wp-json\/wp\/v2\/types\/product"}],"wp:attachment":[{"href":"https:\/\/dieselstore.eu\/en\/wp-json\/wp\/v2\/media?parent=6302"}],"wp:term":[{"taxonomy":"product_brand","embeddable":true,"href":"https:\/\/dieselstore.eu\/en\/wp-json\/wp\/v2\/product_brand?post=6302"},{"taxonomy":"product_cat","embeddable":true,"href":"https:\/\/dieselstore.eu\/en\/wp-json\/wp\/v2\/product_cat?post=6302"},{"taxonomy":"product_tag","embeddable":true,"href":"https:\/\/dieselstore.eu\/en\/wp-json\/wp\/v2\/product_tag?post=6302"}],"curies":[{"name":"wp","href":"https:\/\/api.w.org\/{rel}","templated":true}]}}