{"id":3279,"date":"2024-10-26T11:32:45","date_gmt":"2024-10-26T09:32:45","guid":{"rendered":"https:\/\/dieselstore.eu\/?post_type=product&#038;p=3279"},"modified":"2025-07-29T08:49:25","modified_gmt":"2025-07-29T06:49:25","slug":"9042a0a-dfp1-1-5dci-2","status":"publish","type":"product","link":"https:\/\/dieselstore.eu\/en\/produkt\/9042a0a-dfp1-1-5dci-2\/","title":{"rendered":"9042A0##A DFP1 1.5dCi"},"content":{"rendered":"<p>R9042A013A<br \/>\nR9042A014A<br \/>\nR9042A040A<br \/>\nR9042A041A<br \/>\nR9042A042A<br \/>\nR9042A070A<br \/>\nR9042A070C<br \/>\n28234982<br \/>\n28249552<br \/>\n28265176<br \/>\n28326392<br \/>\n28331942<br \/>\n8200057225<br \/>\n8200707450<br \/>\n167005809R<br \/>\n167003374R<br \/>\n167009788R<br \/>\nRenault Nissan Dacia 1.5dci<br \/>\n16700-5809R<br \/>\n16700-3374R<br \/>\n16700-9788R<\/p>\n","protected":false},"excerpt":{"rendered":"<span class=\"langPL\"> ZASTOSOWANE CZ\u0118\u015aCI: ORYGINA\u0141 DELPHI<\/span> <span class=\"langEN\"> PARTS USED: ORIGINAL DELPHI<\/span> <span class=\"langUK\"> \u0412\u0418\u041a\u041e\u0420\u0418\u0421\u0422\u0410\u041d\u0406 \u0427\u0410\u0421\u0422\u0418\u041d\u0418: \u041e\u0420\u0418\u0413\u0406\u041d\u0410\u041b DELPHI<\/span>","protected":false},"featured_media":0,"template":"","meta":{"_acf_changed":false,"_monsterinsights_skip_tracking":false,"_monsterinsights_sitenote_active":false,"_monsterinsights_sitenote_note":"","_monsterinsights_sitenote_category":0},"product_brand":[],"product_cat":[17],"product_tag":[],"class_list":{"0":"post-3279","1":"product","2":"type-product","3":"status-publish","5":"product_cat-wtryskiwacze-pl","7":"first","8":"outofstock","9":"taxable","10":"shipping-taxable","11":"purchasable","12":"product-type-variable"},"acf":[],"aioseo_notices":[],"_links":{"self":[{"href":"https:\/\/dieselstore.eu\/en\/wp-json\/wp\/v2\/product\/3279","targetHints":{"allow":["GET"]}}],"collection":[{"href":"https:\/\/dieselstore.eu\/en\/wp-json\/wp\/v2\/product"}],"about":[{"href":"https:\/\/dieselstore.eu\/en\/wp-json\/wp\/v2\/types\/product"}],"wp:attachment":[{"href":"https:\/\/dieselstore.eu\/en\/wp-json\/wp\/v2\/media?parent=3279"}],"wp:term":[{"taxonomy":"product_brand","embeddable":true,"href":"https:\/\/dieselstore.eu\/en\/wp-json\/wp\/v2\/product_brand?post=3279"},{"taxonomy":"product_cat","embeddable":true,"href":"https:\/\/dieselstore.eu\/en\/wp-json\/wp\/v2\/product_cat?post=3279"},{"taxonomy":"product_tag","embeddable":true,"href":"https:\/\/dieselstore.eu\/en\/wp-json\/wp\/v2\/product_tag?post=3279"}],"curies":[{"name":"wp","href":"https:\/\/api.w.org\/{rel}","templated":true}]}}