{"id":3258,"date":"2024-10-26T10:51:43","date_gmt":"2024-10-26T08:51:43","guid":{"rendered":"https:\/\/dieselstore.eu\/?post_type=product&#038;p=3258"},"modified":"2025-07-29T08:49:59","modified_gmt":"2025-07-29T06:49:59","slug":"28470303-28477820-2","status":"publish","type":"product","link":"https:\/\/dieselstore.eu\/en\/produkt\/28470303-28477820-2\/","title":{"rendered":"28470303 28477820"},"content":{"rendered":"<p>VW Audi Seat Skoda 1.6TDI 1.4TDI 2.0TDI<br \/>\nCXFA CXHA CXHB DAUA DAUB DAVA DASB DASA<br \/>\nCUSB DBKA DDYA CXXB CRKB DGTE DDYA CUTA<br \/>\nCUSA CYZA DDYB CXXA CLHA CLHB CUSB CRMB<br \/>\nCKFC DCYA CAAA CXGA CXGB CAAB<br \/>\n04B130755E<br \/>\n04B130755F<br \/>\n04B130755H<br \/>\n28395883<br \/>\n28440420 <\/p>\n","protected":false},"excerpt":{"rendered":"<span class=\"langPL\"> ZASTOSOWANE CZ\u0118\u015aCI: ORYGINA\u0141 DELPHI<\/span> <span class=\"langEN\"> PARTS USED: ORIGINAL DELPHI<\/span> <span class=\"langUK\"> \u0412\u0418\u041a\u041e\u0420\u0418\u0421\u0422\u0410\u041d\u0406 \u0427\u0410\u0421\u0422\u0418\u041d\u0418: \u041e\u0420\u0418\u0413\u0406\u041d\u0410\u041b DELPHI<\/span>","protected":false},"featured_media":0,"template":"","meta":{"_acf_changed":false,"_monsterinsights_skip_tracking":false,"_monsterinsights_sitenote_active":false,"_monsterinsights_sitenote_note":"","_monsterinsights_sitenote_category":0},"product_brand":[],"product_cat":[17],"product_tag":[],"class_list":{"0":"post-3258","1":"product","2":"type-product","3":"status-publish","5":"product_cat-wtryskiwacze-pl","7":"first","8":"outofstock","9":"taxable","10":"shipping-taxable","11":"purchasable","12":"product-type-variable"},"acf":[],"aioseo_notices":[],"_links":{"self":[{"href":"https:\/\/dieselstore.eu\/en\/wp-json\/wp\/v2\/product\/3258","targetHints":{"allow":["GET"]}}],"collection":[{"href":"https:\/\/dieselstore.eu\/en\/wp-json\/wp\/v2\/product"}],"about":[{"href":"https:\/\/dieselstore.eu\/en\/wp-json\/wp\/v2\/types\/product"}],"wp:attachment":[{"href":"https:\/\/dieselstore.eu\/en\/wp-json\/wp\/v2\/media?parent=3258"}],"wp:term":[{"taxonomy":"product_brand","embeddable":true,"href":"https:\/\/dieselstore.eu\/en\/wp-json\/wp\/v2\/product_brand?post=3258"},{"taxonomy":"product_cat","embeddable":true,"href":"https:\/\/dieselstore.eu\/en\/wp-json\/wp\/v2\/product_cat?post=3258"},{"taxonomy":"product_tag","embeddable":true,"href":"https:\/\/dieselstore.eu\/en\/wp-json\/wp\/v2\/product_tag?post=3258"}],"curies":[{"name":"wp","href":"https:\/\/api.w.org\/{rel}","templated":true}]}}