{"id":3126,"date":"2024-10-23T14:49:16","date_gmt":"2024-10-23T12:49:16","guid":{"rendered":"https:\/\/dieselstore.eu\/?post_type=product&#038;p=3126"},"modified":"2025-07-29T08:51:15","modified_gmt":"2025-07-29T06:51:15","slug":"28475604-28565337-2","status":"publish","type":"product","link":"https:\/\/dieselstore.eu\/en\/produkt\/28475604-28565337-2\/","title":{"rendered":"28475604 28565337"},"content":{"rendered":"<p>28654963<br \/>\n04L130277AP<br \/>\n04L130277BB<br \/>\n04L130277BG<br \/>\n28475604<br \/>\n28565337<br \/>\nMAN TGE<br \/>\nVW Transporter, Multivan, Caravelle<br \/>\n2.0TDI<br \/>\nDAUB DAUA DASB DASA DASC CAAA<br \/>\nCXGA CXGB CXFA CXHA CXHB DAVA<br \/>\nCAAB<\/p>\n","protected":false},"excerpt":{"rendered":"<span class=\"langPL\"> ZASTOSOWANE CZ\u0118\u015aCI: ORYGINA\u0141 DELPHI<\/span> <span class=\"langEN\"> PARTS USED: ORIGINAL DELPHI<\/span> <span class=\"langUK\"> \u0412\u0418\u041a\u041e\u0420\u0418\u0421\u0422\u0410\u041d\u0406 \u0427\u0410\u0421\u0422\u0418\u041d\u0418: \u041e\u0420\u0418\u0413\u0406\u041d\u0410\u041b DELPHI<\/span>","protected":false},"featured_media":0,"template":"","meta":{"_acf_changed":false,"_monsterinsights_skip_tracking":false,"_monsterinsights_sitenote_active":false,"_monsterinsights_sitenote_note":"","_monsterinsights_sitenote_category":0},"product_brand":[],"product_cat":[17],"product_tag":[],"class_list":{"0":"post-3126","1":"product","2":"type-product","3":"status-publish","5":"product_cat-wtryskiwacze-pl","7":"first","8":"outofstock","9":"taxable","10":"shipping-taxable","11":"purchasable","12":"product-type-variable"},"acf":[],"aioseo_notices":[],"_links":{"self":[{"href":"https:\/\/dieselstore.eu\/en\/wp-json\/wp\/v2\/product\/3126","targetHints":{"allow":["GET"]}}],"collection":[{"href":"https:\/\/dieselstore.eu\/en\/wp-json\/wp\/v2\/product"}],"about":[{"href":"https:\/\/dieselstore.eu\/en\/wp-json\/wp\/v2\/types\/product"}],"wp:attachment":[{"href":"https:\/\/dieselstore.eu\/en\/wp-json\/wp\/v2\/media?parent=3126"}],"wp:term":[{"taxonomy":"product_brand","embeddable":true,"href":"https:\/\/dieselstore.eu\/en\/wp-json\/wp\/v2\/product_brand?post=3126"},{"taxonomy":"product_cat","embeddable":true,"href":"https:\/\/dieselstore.eu\/en\/wp-json\/wp\/v2\/product_cat?post=3126"},{"taxonomy":"product_tag","embeddable":true,"href":"https:\/\/dieselstore.eu\/en\/wp-json\/wp\/v2\/product_tag?post=3126"}],"curies":[{"name":"wp","href":"https:\/\/api.w.org\/{rel}","templated":true}]}}