{"id":3117,"date":"2024-10-22T20:18:50","date_gmt":"2024-10-22T18:18:50","guid":{"rendered":"https:\/\/dieselstore.eu\/?post_type=product&#038;p=3117"},"modified":"2025-07-29T08:07:30","modified_gmt":"2025-07-29T06:07:30","slug":"28388960-3","status":"publish","type":"product","link":"https:\/\/dieselstore.eu\/en\/produkt\/28388960-3\/","title":{"rendered":"28388960"},"content":{"rendered":"<p>228358342<br \/>\nHRD360<br \/>\n28319895<br \/>\n28388960<br \/>\n28602948<br \/>\nDS7Q9F593BA<br \/>\nDS7Q-9F593-BA<br \/>\n9674974080<br \/>\nCitroen C4, C5, Jumpy, Jumper 2.0HDi<br \/>\nPeugeot 308, 508, 3008, 5008, Expert, Boxer 2.0HDi<br \/>\nDS4 DS5 DS7 2.0HDi<br \/>\nFord Kuga, Mondeo, Focus, 2.0TDCi <\/p>\n","protected":false},"excerpt":{"rendered":"<span class=\"langPL\"> ZASTOSOWANE CZ\u0118\u015aCI: ORYGINA\u0141 DELPHI<\/span> <span class=\"langEN\"> PARTS USED: ORIGINAL DELPHI<\/span> <span class=\"langUK\"> \u0412\u0418\u041a\u041e\u0420\u0418\u0421\u0422\u0410\u041d\u0406 \u0427\u0410\u0421\u0422\u0418\u041d\u0418: \u041e\u0420\u0418\u0413\u0406\u041d\u0410\u041b DELPHI<\/span>","protected":false},"featured_media":0,"template":"","meta":{"_acf_changed":false,"_monsterinsights_skip_tracking":false,"_monsterinsights_sitenote_active":false,"_monsterinsights_sitenote_note":"","_monsterinsights_sitenote_category":0},"product_brand":[],"product_cat":[17],"product_tag":[],"class_list":{"0":"post-3117","1":"product","2":"type-product","3":"status-publish","5":"product_cat-wtryskiwacze-pl","7":"first","8":"outofstock","9":"taxable","10":"shipping-taxable","11":"purchasable","12":"product-type-simple"},"acf":[],"aioseo_notices":[],"_links":{"self":[{"href":"https:\/\/dieselstore.eu\/en\/wp-json\/wp\/v2\/product\/3117","targetHints":{"allow":["GET"]}}],"collection":[{"href":"https:\/\/dieselstore.eu\/en\/wp-json\/wp\/v2\/product"}],"about":[{"href":"https:\/\/dieselstore.eu\/en\/wp-json\/wp\/v2\/types\/product"}],"wp:attachment":[{"href":"https:\/\/dieselstore.eu\/en\/wp-json\/wp\/v2\/media?parent=3117"}],"wp:term":[{"taxonomy":"product_brand","embeddable":true,"href":"https:\/\/dieselstore.eu\/en\/wp-json\/wp\/v2\/product_brand?post=3117"},{"taxonomy":"product_cat","embeddable":true,"href":"https:\/\/dieselstore.eu\/en\/wp-json\/wp\/v2\/product_cat?post=3117"},{"taxonomy":"product_tag","embeddable":true,"href":"https:\/\/dieselstore.eu\/en\/wp-json\/wp\/v2\/product_tag?post=3117"}],"curies":[{"name":"wp","href":"https:\/\/api.w.org\/{rel}","templated":true}]}}