{"id":2864,"date":"2024-10-20T10:19:50","date_gmt":"2024-10-20T08:19:50","guid":{"rendered":"https:\/\/dieselstore.eu\/?post_type=product&#038;p=2864"},"modified":"2025-07-29T08:55:40","modified_gmt":"2025-07-29T06:55:40","slug":"23670-0r010-0r160-2","status":"publish","type":"product","link":"https:\/\/dieselstore.eu\/en\/produkt\/23670-0r010-0r160-2\/","title":{"rendered":"23670-0R010 0R160"},"content":{"rendered":"<p>DCRI107610<br \/>\n095000-5610 \/ 0950005610<br \/>\n095000-6110 \/ 0950006110<br \/>\n095000-6900 \/ 0950006900<br \/>\n095000-7240 \/ 0950007240<br \/>\n095000-7250 \/ 0950007250<br \/>\n095000-7600 \/ 0950007600<br \/>\n095000-7610 \/ 0950007610<br \/>\n23670-0R010 \/ 236700R010<br \/>\n23670-0R060 \/ 236700R060<br \/>\n23670-0R110 \/ 2236700R110<br \/>\n23670-0R160 \/ 236700R160<br \/>\nToyota Avensis T25 2.2 D-4D<\/p>\n","protected":false},"excerpt":{"rendered":"<span class=\"langPL\"> ZASTOSOWANE CZ\u0118\u015aCI: ORYGINA\u0141 DENSO<\/span> <span class=\"langEN\"> PARTS USED: ORIGINAL DENSO<\/span> <span class=\"langUK\"> \u0412\u0418\u041a\u041e\u0420\u0418\u0421\u0422\u0410\u041d\u0406 \u0427\u0410\u0421\u0422\u0418\u041d\u0418: \u041e\u0420\u0418\u0413\u0406\u041d\u0410\u041b DENSO<\/span>","protected":false},"featured_media":0,"template":"","meta":{"_acf_changed":false,"_monsterinsights_skip_tracking":false,"_monsterinsights_sitenote_active":false,"_monsterinsights_sitenote_note":"","_monsterinsights_sitenote_category":0},"product_brand":[],"product_cat":[17],"product_tag":[],"class_list":{"0":"post-2864","1":"product","2":"type-product","3":"status-publish","5":"product_cat-wtryskiwacze-pl","7":"first","8":"outofstock","9":"taxable","10":"shipping-taxable","11":"purchasable","12":"product-type-variable"},"acf":[],"aioseo_notices":[],"_links":{"self":[{"href":"https:\/\/dieselstore.eu\/en\/wp-json\/wp\/v2\/product\/2864","targetHints":{"allow":["GET"]}}],"collection":[{"href":"https:\/\/dieselstore.eu\/en\/wp-json\/wp\/v2\/product"}],"about":[{"href":"https:\/\/dieselstore.eu\/en\/wp-json\/wp\/v2\/types\/product"}],"wp:attachment":[{"href":"https:\/\/dieselstore.eu\/en\/wp-json\/wp\/v2\/media?parent=2864"}],"wp:term":[{"taxonomy":"product_brand","embeddable":true,"href":"https:\/\/dieselstore.eu\/en\/wp-json\/wp\/v2\/product_brand?post=2864"},{"taxonomy":"product_cat","embeddable":true,"href":"https:\/\/dieselstore.eu\/en\/wp-json\/wp\/v2\/product_cat?post=2864"},{"taxonomy":"product_tag","embeddable":true,"href":"https:\/\/dieselstore.eu\/en\/wp-json\/wp\/v2\/product_tag?post=2864"}],"curies":[{"name":"wp","href":"https:\/\/api.w.org\/{rel}","templated":true}]}}