{"id":2806,"date":"2024-10-19T11:58:42","date_gmt":"2024-10-19T09:58:42","guid":{"rendered":"https:\/\/dieselstore.eu\/?post_type=product&#038;p=2806"},"modified":"2025-07-29T08:20:23","modified_gmt":"2025-07-29T06:20:23","slug":"1465a041","status":"publish","type":"product","link":"https:\/\/dieselstore.eu\/en\/produkt\/1465a041\/","title":{"rendered":"1465A041"},"content":{"rendered":"<p>095000-5600<br \/>\n0950005600<br \/>\nDCRI105600<br \/>\n095000-5601 \u2013 0950005601<br \/>\n095000-5602 \u2013 0950005602<br \/>\n095000-5603 \u2013 0950005603<br \/>\n095000-5604 \u2013 0950005604<br \/>\n095000-5605 \u2013 0950005605<br \/>\n095000-5606 \u2013 0950005606<br \/>\n095000-5607 \u2013 0950005607<br \/>\n095000-5608 \u2013 0950005608<br \/>\n095000-5609 \u2013 0950005609<br \/>\nMitsubishi L200 <\/p>\n","protected":false},"excerpt":{"rendered":"<span class=\"langPL\"> ZASTOSOWANE CZ\u0118\u015aCI: ORYGINA\u0141 DENSO<\/span> <span class=\"langEN\"> PARTS USED: ORIGINAL DENSO<\/span> <span class=\"langUK\"> \u0412\u0418\u041a\u041e\u0420\u0418\u0421\u0422\u0410\u041d\u0406 \u0427\u0410\u0421\u0422\u0418\u041d\u0418: \u041e\u0420\u0418\u0413\u0406\u041d\u0410\u041b DENSO<\/span>","protected":false},"featured_media":0,"template":"","meta":{"_acf_changed":false,"_monsterinsights_skip_tracking":false,"_monsterinsights_sitenote_active":false,"_monsterinsights_sitenote_note":"","_monsterinsights_sitenote_category":0},"product_brand":[],"product_cat":[17],"product_tag":[],"class_list":{"0":"post-2806","1":"product","2":"type-product","3":"status-publish","5":"product_cat-wtryskiwacze-pl","7":"first","8":"outofstock","9":"taxable","10":"shipping-taxable","11":"purchasable","12":"product-type-simple"},"acf":[],"aioseo_notices":[],"_links":{"self":[{"href":"https:\/\/dieselstore.eu\/en\/wp-json\/wp\/v2\/product\/2806","targetHints":{"allow":["GET"]}}],"collection":[{"href":"https:\/\/dieselstore.eu\/en\/wp-json\/wp\/v2\/product"}],"about":[{"href":"https:\/\/dieselstore.eu\/en\/wp-json\/wp\/v2\/types\/product"}],"wp:attachment":[{"href":"https:\/\/dieselstore.eu\/en\/wp-json\/wp\/v2\/media?parent=2806"}],"wp:term":[{"taxonomy":"product_brand","embeddable":true,"href":"https:\/\/dieselstore.eu\/en\/wp-json\/wp\/v2\/product_brand?post=2806"},{"taxonomy":"product_cat","embeddable":true,"href":"https:\/\/dieselstore.eu\/en\/wp-json\/wp\/v2\/product_cat?post=2806"},{"taxonomy":"product_tag","embeddable":true,"href":"https:\/\/dieselstore.eu\/en\/wp-json\/wp\/v2\/product_tag?post=2806"}],"curies":[{"name":"wp","href":"https:\/\/api.w.org\/{rel}","templated":true}]}}