{"id":2634,"date":"2024-10-07T15:15:25","date_gmt":"2024-10-07T13:15:25","guid":{"rendered":"https:\/\/dieselstore.eu\/?post_type=product&#038;p=2634"},"modified":"2025-07-29T08:58:06","modified_gmt":"2025-07-29T06:58:06","slug":"20747797","status":"publish","type":"product","link":"https:\/\/dieselstore.eu\/en\/produkt\/20747797\/","title":{"rendered":"20747797"},"content":{"rendered":"<p>BEBE4D12001<br \/>\nBEBE4D12101<br \/>\nBEBE4D12201<br \/>\nBEBE4D12301<br \/>\nBEBE4D15001<br \/>\nBEBE4D37001<br \/>\nBEBE4D38001<br \/>\n7420747797<br \/>\n20747787<br \/>\n5001867874<br \/>\n7485000674<br \/>\n21585101<br \/>\n21644602<br \/>\n85003951<br \/>\n21582101<br \/>\n7421644602<br \/>\n7485003951<br \/>\n7421582101<br \/>\n03842963<br \/>\nRenault Premium Keraz DXi11<br \/>\nVolvo FM<\/p>\n","protected":false},"excerpt":{"rendered":"<span class=\"langPL\"> ZASTOSOWANE CZ\u0118\u015aCI: ORYGINA\u0141 BOSCH<\/span> <span class=\"langEN\"> PARTS USED: ORIGINAL BOSCH<\/span> <span class=\"langUK\"> \u0412\u0418\u041a\u041e\u0420\u0418\u0421\u0422\u0410\u041d\u0406 \u0427\u0410\u0421\u0422\u0418\u041d\u0418: \u041e\u0420\u0418\u0413\u0406\u041d\u0410\u041b BOSCH<\/span>","protected":false},"featured_media":0,"template":"","meta":{"_acf_changed":false,"_monsterinsights_skip_tracking":false,"_monsterinsights_sitenote_active":false,"_monsterinsights_sitenote_note":"","_monsterinsights_sitenote_category":0},"product_brand":[],"product_cat":[17],"product_tag":[],"class_list":{"0":"post-2634","1":"product","2":"type-product","3":"status-publish","5":"product_cat-wtryskiwacze-pl","7":"first","8":"outofstock","9":"taxable","10":"shipping-taxable","11":"purchasable","12":"product-type-variable"},"acf":[],"aioseo_notices":[],"_links":{"self":[{"href":"https:\/\/dieselstore.eu\/en\/wp-json\/wp\/v2\/product\/2634","targetHints":{"allow":["GET"]}}],"collection":[{"href":"https:\/\/dieselstore.eu\/en\/wp-json\/wp\/v2\/product"}],"about":[{"href":"https:\/\/dieselstore.eu\/en\/wp-json\/wp\/v2\/types\/product"}],"wp:attachment":[{"href":"https:\/\/dieselstore.eu\/en\/wp-json\/wp\/v2\/media?parent=2634"}],"wp:term":[{"taxonomy":"product_brand","embeddable":true,"href":"https:\/\/dieselstore.eu\/en\/wp-json\/wp\/v2\/product_brand?post=2634"},{"taxonomy":"product_cat","embeddable":true,"href":"https:\/\/dieselstore.eu\/en\/wp-json\/wp\/v2\/product_cat?post=2634"},{"taxonomy":"product_tag","embeddable":true,"href":"https:\/\/dieselstore.eu\/en\/wp-json\/wp\/v2\/product_tag?post=2634"}],"curies":[{"name":"wp","href":"https:\/\/api.w.org\/{rel}","templated":true}]}}