{"id":2431,"date":"2024-10-02T16:22:02","date_gmt":"2024-10-02T14:22:02","guid":{"rendered":"https:\/\/dieselstore.eu\/?post_type=product&#038;p=2431"},"modified":"2025-07-29T08:20:46","modified_gmt":"2025-07-29T06:20:46","slug":"0414720309-07z130073n","status":"publish","type":"product","link":"https:\/\/dieselstore.eu\/en\/produkt\/0414720309-07z130073n\/","title":{"rendered":"0414720309 07Z130073N"},"content":{"rendered":"<p>0414720309<br \/>\n0414720359<br \/>\n07Z130073N<br \/>\n07Z130073NX<br \/>\n0986441528<br \/>\n0986441578<br \/>\nBPC CBWA<br \/>\nVW 2.5TDI<\/p>\n","protected":false},"excerpt":{"rendered":"<span class=\"langPL\"> ZASTOSOWANE CZ\u0118\u015aCI: ORYGINA\u0141 BOSCH<\/span> <span class=\"langEN\"> PARTS USED: ORIGINAL BOSCH<\/span> <span class=\"langUK\"> \u0412\u0418\u041a\u041e\u0420\u0418\u0421\u0422\u0410\u041d\u0406 \u0427\u0410\u0421\u0422\u0418\u041d\u0418: \u041e\u0420\u0418\u0413\u0406\u041d\u0410\u041b BOSCH<\/span>","protected":false},"featured_media":0,"template":"","meta":{"_acf_changed":false,"_monsterinsights_skip_tracking":false,"_monsterinsights_sitenote_active":false,"_monsterinsights_sitenote_note":"","_monsterinsights_sitenote_category":0},"product_brand":[],"product_cat":[17],"product_tag":[],"class_list":{"0":"post-2431","1":"product","2":"type-product","3":"status-publish","5":"product_cat-wtryskiwacze-pl","7":"first","8":"outofstock","9":"taxable","10":"shipping-taxable","11":"purchasable","12":"product-type-simple"},"acf":[],"aioseo_notices":[],"_links":{"self":[{"href":"https:\/\/dieselstore.eu\/en\/wp-json\/wp\/v2\/product\/2431","targetHints":{"allow":["GET"]}}],"collection":[{"href":"https:\/\/dieselstore.eu\/en\/wp-json\/wp\/v2\/product"}],"about":[{"href":"https:\/\/dieselstore.eu\/en\/wp-json\/wp\/v2\/types\/product"}],"wp:attachment":[{"href":"https:\/\/dieselstore.eu\/en\/wp-json\/wp\/v2\/media?parent=2431"}],"wp:term":[{"taxonomy":"product_brand","embeddable":true,"href":"https:\/\/dieselstore.eu\/en\/wp-json\/wp\/v2\/product_brand?post=2431"},{"taxonomy":"product_cat","embeddable":true,"href":"https:\/\/dieselstore.eu\/en\/wp-json\/wp\/v2\/product_cat?post=2431"},{"taxonomy":"product_tag","embeddable":true,"href":"https:\/\/dieselstore.eu\/en\/wp-json\/wp\/v2\/product_tag?post=2431"}],"curies":[{"name":"wp","href":"https:\/\/api.w.org\/{rel}","templated":true}]}}