{"id":2396,"date":"2024-10-02T15:46:30","date_gmt":"2024-10-02T13:46:30","guid":{"rendered":"https:\/\/dieselstore.eu\/?post_type=product&#038;p=2396"},"modified":"2025-11-26T17:15:50","modified_gmt":"2025-11-26T16:15:50","slug":"22459521-22459522-3","status":"publish","type":"product","link":"https:\/\/dieselstore.eu\/en\/produkt\/22459521-22459522-3\/","title":{"rendered":"22459521 22459522"},"content":{"rendered":"<p>BEBE1R17001<br \/>\nBEBE1R17101<br \/>\nBEBE1R17201<br \/>\nHRE396<br \/>\n7485020204<br \/>\n7422459521<br \/>\n7422569104<br \/>\n85020204<br \/>\n42019396<br \/>\n23771405<br \/>\nBEBJ1F11101<br \/>\nBEBJ1F11201<br \/>\nHRE393<br \/>\n7485020205<br \/>\n7422459522<br \/>\n7422569105<br \/>\n22450522<br \/>\n85020205<br \/>\nRenault Gama-T<br \/>\nVolvo FH4<br \/>\nGama T<\/p>\n","protected":false},"excerpt":{"rendered":"<span class=\"langPL\"> ZASTOSOWANE CZ\u0118\u015aCI: ORYGINA\u0141 BOSCH<\/span> <span class=\"langEN\"> PARTS USED: ORIGINAL BOSCH<\/span> <span class=\"langUK\"> \u0412\u0418\u041a\u041e\u0420\u0418\u0421\u0422\u0410\u041d\u0406 \u0427\u0410\u0421\u0422\u0418\u041d\u0418: \u041e\u0420\u0418\u0413\u0406\u041d\u0410\u041b BOSCH<\/span>","protected":false},"featured_media":0,"template":"","meta":{"_acf_changed":false,"_monsterinsights_skip_tracking":false,"_monsterinsights_sitenote_active":false,"_monsterinsights_sitenote_note":"","_monsterinsights_sitenote_category":0},"product_brand":[],"product_cat":[17],"product_tag":[],"class_list":{"0":"post-2396","1":"product","2":"type-product","3":"status-publish","5":"product_cat-wtryskiwacze-pl","7":"first","8":"outofstock","9":"taxable","10":"shipping-taxable","11":"purchasable","12":"product-type-variable"},"acf":[],"aioseo_notices":[],"_links":{"self":[{"href":"https:\/\/dieselstore.eu\/en\/wp-json\/wp\/v2\/product\/2396","targetHints":{"allow":["GET"]}}],"collection":[{"href":"https:\/\/dieselstore.eu\/en\/wp-json\/wp\/v2\/product"}],"about":[{"href":"https:\/\/dieselstore.eu\/en\/wp-json\/wp\/v2\/types\/product"}],"wp:attachment":[{"href":"https:\/\/dieselstore.eu\/en\/wp-json\/wp\/v2\/media?parent=2396"}],"wp:term":[{"taxonomy":"product_brand","embeddable":true,"href":"https:\/\/dieselstore.eu\/en\/wp-json\/wp\/v2\/product_brand?post=2396"},{"taxonomy":"product_cat","embeddable":true,"href":"https:\/\/dieselstore.eu\/en\/wp-json\/wp\/v2\/product_cat?post=2396"},{"taxonomy":"product_tag","embeddable":true,"href":"https:\/\/dieselstore.eu\/en\/wp-json\/wp\/v2\/product_tag?post=2396"}],"curies":[{"name":"wp","href":"https:\/\/api.w.org\/{rel}","templated":true}]}}