{"id":2369,"date":"2024-10-01T15:18:12","date_gmt":"2024-10-01T13:18:12","guid":{"rendered":"https:\/\/dieselstore.eu\/?post_type=product&#038;p=2369"},"modified":"2025-07-29T09:02:03","modified_gmt":"2025-07-29T07:02:03","slug":"22282198-22282199-4","status":"publish","type":"product","link":"https:\/\/dieselstore.eu\/en\/produkt\/22282198-22282199-4\/","title":{"rendered":"22282198 22282199"},"content":{"rendered":"<p>BEBE1R12001<br \/>\nBEBE1R12101<br \/>\nBEBE1R12201<br \/>\n7485013801<br \/>\n85013801<br \/>\n23785617<br \/>\n42019383<br \/>\nHRE310<br \/>\n7422301417<br \/>\nBEBJ1F06001<br \/>\nBEBJ1F06101<br \/>\n85013800<br \/>\n7485013800<br \/>\n7422301418<br \/>\n7422282198<br \/>\nHRE311<br \/>\nRenault Gama-T<br \/>\nVolvo FH4<br \/>\nGama T<\/p>\n","protected":false},"excerpt":{"rendered":"<span class=\"langPL\"> ZASTOSOWANE CZ\u0118\u015aCI: ORYGINA\u0141 BOSCH<\/span> <span class=\"langEN\"> PARTS USED: ORIGINAL BOSCH<\/span> <span class=\"langUK\"> \u0412\u0418\u041a\u041e\u0420\u0418\u0421\u0422\u0410\u041d\u0406 \u0427\u0410\u0421\u0422\u0418\u041d\u0418: \u041e\u0420\u0418\u0413\u0406\u041d\u0410\u041b BOSCH<\/span>","protected":false},"featured_media":0,"template":"","meta":{"_acf_changed":false,"_monsterinsights_skip_tracking":false,"_monsterinsights_sitenote_active":false,"_monsterinsights_sitenote_note":"","_monsterinsights_sitenote_category":0},"product_brand":[],"product_cat":[17],"product_tag":[],"class_list":{"0":"post-2369","1":"product","2":"type-product","3":"status-publish","5":"product_cat-wtryskiwacze-pl","7":"first","8":"outofstock","9":"taxable","10":"shipping-taxable","11":"purchasable","12":"product-type-variable"},"acf":[],"aioseo_notices":[],"_links":{"self":[{"href":"https:\/\/dieselstore.eu\/en\/wp-json\/wp\/v2\/product\/2369","targetHints":{"allow":["GET"]}}],"collection":[{"href":"https:\/\/dieselstore.eu\/en\/wp-json\/wp\/v2\/product"}],"about":[{"href":"https:\/\/dieselstore.eu\/en\/wp-json\/wp\/v2\/types\/product"}],"wp:attachment":[{"href":"https:\/\/dieselstore.eu\/en\/wp-json\/wp\/v2\/media?parent=2369"}],"wp:term":[{"taxonomy":"product_brand","embeddable":true,"href":"https:\/\/dieselstore.eu\/en\/wp-json\/wp\/v2\/product_brand?post=2369"},{"taxonomy":"product_cat","embeddable":true,"href":"https:\/\/dieselstore.eu\/en\/wp-json\/wp\/v2\/product_cat?post=2369"},{"taxonomy":"product_tag","embeddable":true,"href":"https:\/\/dieselstore.eu\/en\/wp-json\/wp\/v2\/product_tag?post=2369"}],"curies":[{"name":"wp","href":"https:\/\/api.w.org\/{rel}","templated":true}]}}