{"id":2328,"date":"2024-09-30T16:24:46","date_gmt":"2024-09-30T14:24:46","guid":{"rendered":"https:\/\/dieselstore.eu\/?post_type=product&#038;p=2328"},"modified":"2025-07-29T08:21:44","modified_gmt":"2025-07-29T06:21:44","slug":"5ws40695-5ws40697","status":"publish","type":"product","link":"https:\/\/dieselstore.eu\/en\/produkt\/5ws40695-5ws40697\/","title":{"rendered":"5WS40695 5WS40697"},"content":{"rendered":"<p>A2C59517043<br \/>\n1717702<br \/>\n1841728<br \/>\n1849878<br \/>\n5WS40699<br \/>\nA2C53344441<br \/>\nA2C59517056<br \/>\nA2C83489700<br \/>\nA2C96176300<br \/>\nBK3Q9B395AD<br \/>\nBK3Q9B395CC<br \/>\nBK3Q9b395CD<br \/>\nBK3Q-9B395-AD<br \/>\nBK3Q-9B395-CC<br \/>\nBK3Q-9B395-CD<br \/>\nLR029969<br \/>\nLR052872<\/p>\n","protected":false},"excerpt":{"rendered":"<span class=\"langPL\"> ZASTOSOWANE CZ\u0118\u015aCI: ORYGINA\u0141 BOSCH<\/span> <span class=\"langEN\"> PARTS USED: ORIGINAL BOSCH<\/span> <span class=\"langUK\"> \u0412\u0418\u041a\u041e\u0420\u0418\u0421\u0422\u0410\u041d\u0406 \u0427\u0410\u0421\u0422\u0418\u041d\u0418: \u041e\u0420\u0418\u0413\u0406\u041d\u0410\u041b BOSCH<\/span>","protected":false},"featured_media":0,"template":"","meta":{"_acf_changed":false,"_monsterinsights_skip_tracking":false,"_monsterinsights_sitenote_active":false,"_monsterinsights_sitenote_note":"","_monsterinsights_sitenote_category":0},"product_brand":[],"product_cat":[17],"product_tag":[],"class_list":{"0":"post-2328","1":"product","2":"type-product","3":"status-publish","5":"product_cat-wtryskiwacze-pl","7":"first","8":"outofstock","9":"taxable","10":"shipping-taxable","11":"purchasable","12":"product-type-simple"},"acf":[],"aioseo_notices":[],"_links":{"self":[{"href":"https:\/\/dieselstore.eu\/en\/wp-json\/wp\/v2\/product\/2328","targetHints":{"allow":["GET"]}}],"collection":[{"href":"https:\/\/dieselstore.eu\/en\/wp-json\/wp\/v2\/product"}],"about":[{"href":"https:\/\/dieselstore.eu\/en\/wp-json\/wp\/v2\/types\/product"}],"wp:attachment":[{"href":"https:\/\/dieselstore.eu\/en\/wp-json\/wp\/v2\/media?parent=2328"}],"wp:term":[{"taxonomy":"product_brand","embeddable":true,"href":"https:\/\/dieselstore.eu\/en\/wp-json\/wp\/v2\/product_brand?post=2328"},{"taxonomy":"product_cat","embeddable":true,"href":"https:\/\/dieselstore.eu\/en\/wp-json\/wp\/v2\/product_cat?post=2328"},{"taxonomy":"product_tag","embeddable":true,"href":"https:\/\/dieselstore.eu\/en\/wp-json\/wp\/v2\/product_tag?post=2328"}],"curies":[{"name":"wp","href":"https:\/\/api.w.org\/{rel}","templated":true}]}}