{"id":2204,"date":"2024-09-28T13:20:20","date_gmt":"2024-09-28T11:20:20","guid":{"rendered":"https:\/\/dieselstore.eu\/?post_type=product&#038;p=2204"},"modified":"2025-07-29T09:04:03","modified_gmt":"2025-07-29T07:04:03","slug":"038130073ag-aq","status":"publish","type":"product","link":"https:\/\/dieselstore.eu\/en\/produkt\/038130073ag-aq\/","title":{"rendered":"038130073AG AQ"},"content":{"rendered":"<p>0986441509<br \/>\n0414720213<br \/>\n0414720215<br \/>\n0986441559<br \/>\n0414720265<br \/>\n038130073AM<br \/>\n0414720208<br \/>\n0414720206<br \/>\n0414720115<br \/>\n038130073S<br \/>\n038130079D<br \/>\n038130079DX<br \/>\n038130079GX<br \/>\n038130073AG<br \/>\n038130073AQ<br \/>\nVW 1.9TDI<br \/>\nBHC BKC BXE AXR BXF BJB BNM BNV BSW AXC AXB BRV<\/p>\n","protected":false},"excerpt":{"rendered":"<span class=\"langPL\"> ZASTOSOWANE CZ\u0118\u015aCI: ORYGINA\u0141 BOSCH<\/span> <span class=\"langEN\"> PARTS USED: ORIGINAL BOSCH<\/span> <span class=\"langUK\"> \u0412\u0418\u041a\u041e\u0420\u0418\u0421\u0422\u0410\u041d\u0406 \u0427\u0410\u0421\u0422\u0418\u041d\u0418: \u041e\u0420\u0418\u0413\u0406\u041d\u0410\u041b BOSCH<\/span>","protected":false},"featured_media":0,"template":"","meta":{"_acf_changed":false,"_monsterinsights_skip_tracking":false,"_monsterinsights_sitenote_active":false,"_monsterinsights_sitenote_note":"","_monsterinsights_sitenote_category":0},"product_brand":[],"product_cat":[17],"product_tag":[],"class_list":{"0":"post-2204","1":"product","2":"type-product","3":"status-publish","5":"product_cat-wtryskiwacze-pl","7":"first","8":"outofstock","9":"taxable","10":"shipping-taxable","11":"purchasable","12":"product-type-variable"},"acf":[],"aioseo_notices":[],"_links":{"self":[{"href":"https:\/\/dieselstore.eu\/en\/wp-json\/wp\/v2\/product\/2204","targetHints":{"allow":["GET"]}}],"collection":[{"href":"https:\/\/dieselstore.eu\/en\/wp-json\/wp\/v2\/product"}],"about":[{"href":"https:\/\/dieselstore.eu\/en\/wp-json\/wp\/v2\/types\/product"}],"wp:attachment":[{"href":"https:\/\/dieselstore.eu\/en\/wp-json\/wp\/v2\/media?parent=2204"}],"wp:term":[{"taxonomy":"product_brand","embeddable":true,"href":"https:\/\/dieselstore.eu\/en\/wp-json\/wp\/v2\/product_brand?post=2204"},{"taxonomy":"product_cat","embeddable":true,"href":"https:\/\/dieselstore.eu\/en\/wp-json\/wp\/v2\/product_cat?post=2204"},{"taxonomy":"product_tag","embeddable":true,"href":"https:\/\/dieselstore.eu\/en\/wp-json\/wp\/v2\/product_tag?post=2204"}],"curies":[{"name":"wp","href":"https:\/\/api.w.org\/{rel}","templated":true}]}}