{"id":2168,"date":"2024-09-28T11:49:27","date_gmt":"2024-09-28T09:49:27","guid":{"rendered":"https:\/\/dieselstore.eu\/?post_type=product&#038;p=2168"},"modified":"2025-07-29T08:23:34","modified_gmt":"2025-07-29T06:23:34","slug":"0445020090-0445020202-2","status":"publish","type":"product","link":"https:\/\/dieselstore.eu\/en\/produkt\/0445020090-0445020202-2\/","title":{"rendered":"0445020090 0445020202"},"content":{"rendered":"<p>0445020277<br \/>\n0986437383<br \/>\n0445020124<br \/>\n0445020170<br \/>\n51111037858<br \/>\n51111037799<br \/>\n51111037845<br \/>\n51111037810<br \/>\n51111039845<br \/>\n51111039858<br \/>\n51111037828<br \/>\n51.11103.7858<br \/>\n51.11103.7799<br \/>\n51.11103.7845<br \/>\n51.11103.7810<br \/>\n51.11103.9845<br \/>\n51.11103.9858<br \/>\n51.11103.7828<br \/>\nMAN TGA TGX 440 480 EURO 6<\/p>\n","protected":false},"excerpt":{"rendered":"<span class=\"langPL\"> ZASTOSOWANE CZ\u0118\u015aCI: ORYGINA\u0141 BOSCH<\/span> <span class=\"langEN\"> PARTS USED: ORIGINAL BOSCH<\/span> <span class=\"langUK\"> \u0412\u0418\u041a\u041e\u0420\u0418\u0421\u0422\u0410\u041d\u0406 \u0427\u0410\u0421\u0422\u0418\u041d\u0418: \u041e\u0420\u0418\u0413\u0406\u041d\u0410\u041b BOSCH<\/span>","protected":false},"featured_media":0,"template":"","meta":{"_acf_changed":false,"_monsterinsights_skip_tracking":false,"_monsterinsights_sitenote_active":false,"_monsterinsights_sitenote_note":"","_monsterinsights_sitenote_category":0},"product_brand":[],"product_cat":[17],"product_tag":[],"class_list":{"0":"post-2168","1":"product","2":"type-product","3":"status-publish","5":"product_cat-wtryskiwacze-pl","7":"first","8":"outofstock","9":"taxable","10":"shipping-taxable","11":"purchasable","12":"product-type-simple"},"acf":[],"aioseo_notices":[],"_links":{"self":[{"href":"https:\/\/dieselstore.eu\/en\/wp-json\/wp\/v2\/product\/2168","targetHints":{"allow":["GET"]}}],"collection":[{"href":"https:\/\/dieselstore.eu\/en\/wp-json\/wp\/v2\/product"}],"about":[{"href":"https:\/\/dieselstore.eu\/en\/wp-json\/wp\/v2\/types\/product"}],"wp:attachment":[{"href":"https:\/\/dieselstore.eu\/en\/wp-json\/wp\/v2\/media?parent=2168"}],"wp:term":[{"taxonomy":"product_brand","embeddable":true,"href":"https:\/\/dieselstore.eu\/en\/wp-json\/wp\/v2\/product_brand?post=2168"},{"taxonomy":"product_cat","embeddable":true,"href":"https:\/\/dieselstore.eu\/en\/wp-json\/wp\/v2\/product_cat?post=2168"},{"taxonomy":"product_tag","embeddable":true,"href":"https:\/\/dieselstore.eu\/en\/wp-json\/wp\/v2\/product_tag?post=2168"}],"curies":[{"name":"wp","href":"https:\/\/api.w.org\/{rel}","templated":true}]}}