{"id":2116,"date":"2024-09-25T14:40:34","date_gmt":"2024-09-25T12:40:34","guid":{"rendered":"https:\/\/dieselstore.eu\/?post_type=product&#038;p=2116"},"modified":"2025-07-29T08:24:38","modified_gmt":"2025-07-29T06:24:38","slug":"0445010611-0445010646-2","status":"publish","type":"product","link":"https:\/\/dieselstore.eu\/en\/produkt\/0445010611-0445010646-2\/","title":{"rendered":"0445010611 0445010646"},"content":{"rendered":"<p>0445010685<br \/>\n0986437404<br \/>\n0445010639<br \/>\n0445010646<br \/>\n0445010659<br \/>\n0445010669<br \/>\n0445010673<br \/>\n0445010686<br \/>\n059130755AH<br \/>\n059130755T<br \/>\n059130755AB<br \/>\n059130755BB<br \/>\n059130755BD<br \/>\n059130755BK<br \/>\n059130755BS<br \/>\n059130755BL<br \/>\nAudi A4 A5 A6 Q5 Q7 2.7 TDI 3.0 TDI<br \/>\nPorsche Cayenne 3.0<br \/>\nVW Phaeton Touareg 3.0 TDI<\/p>\n","protected":false},"excerpt":{"rendered":"<span class=\"langPL\"> ZASTOSOWANE CZ\u0118\u015aCI: ORYGINA\u0141 BOSCH<\/span> <span class=\"langEN\"> PARTS USED: ORIGINAL BOSCH<\/span> <span class=\"langUK\"> \u0412\u0418\u041a\u041e\u0420\u0418\u0421\u0422\u0410\u041d\u0406 \u0427\u0410\u0421\u0422\u0418\u041d\u0418: \u041e\u0420\u0418\u0413\u0406\u041d\u0410\u041b BOSCH<\/span>","protected":false},"featured_media":0,"template":"","meta":{"_acf_changed":false,"_monsterinsights_skip_tracking":false,"_monsterinsights_sitenote_active":false,"_monsterinsights_sitenote_note":"","_monsterinsights_sitenote_category":0},"product_brand":[],"product_cat":[17],"product_tag":[],"class_list":{"0":"post-2116","1":"product","2":"type-product","3":"status-publish","5":"product_cat-wtryskiwacze-pl","7":"first","8":"outofstock","9":"taxable","10":"shipping-taxable","11":"purchasable","12":"product-type-simple"},"acf":[],"aioseo_notices":[],"_links":{"self":[{"href":"https:\/\/dieselstore.eu\/en\/wp-json\/wp\/v2\/product\/2116","targetHints":{"allow":["GET"]}}],"collection":[{"href":"https:\/\/dieselstore.eu\/en\/wp-json\/wp\/v2\/product"}],"about":[{"href":"https:\/\/dieselstore.eu\/en\/wp-json\/wp\/v2\/types\/product"}],"wp:attachment":[{"href":"https:\/\/dieselstore.eu\/en\/wp-json\/wp\/v2\/media?parent=2116"}],"wp:term":[{"taxonomy":"product_brand","embeddable":true,"href":"https:\/\/dieselstore.eu\/en\/wp-json\/wp\/v2\/product_brand?post=2116"},{"taxonomy":"product_cat","embeddable":true,"href":"https:\/\/dieselstore.eu\/en\/wp-json\/wp\/v2\/product_cat?post=2116"},{"taxonomy":"product_tag","embeddable":true,"href":"https:\/\/dieselstore.eu\/en\/wp-json\/wp\/v2\/product_tag?post=2116"}],"curies":[{"name":"wp","href":"https:\/\/api.w.org\/{rel}","templated":true}]}}