{"id":2093,"date":"2024-09-23T16:04:58","date_gmt":"2024-09-23T14:04:58","guid":{"rendered":"https:\/\/dieselstore.eu\/?post_type=product&#038;p=2093"},"modified":"2025-07-29T08:26:12","modified_gmt":"2025-07-29T06:26:12","slug":"0445010514-0445010526-3","status":"publish","type":"product","link":"https:\/\/dieselstore.eu\/en\/produkt\/0445010514-0445010526-3\/","title":{"rendered":"0445010514 0445010526"},"content":{"rendered":"<p>0445010565<br \/>\n03L130755D<br \/>\n03L130755L<br \/>\n03L130755F<br \/>\n03L130755AA<br \/>\n03L130755AB<br \/>\n0445010551<br \/>\n0445010560<br \/>\n0445010566<br \/>\n0986437405<br \/>\n0986437412<br \/>\n0986437420<br \/>\n0445010523<br \/>\n0445010532<br \/>\n0445010533<br \/>\n0445010557<br \/>\n0986437411<br \/>\n0986437419<br \/>\nVW Audi Seat Skoda 2.0 TDI<\/p>\n","protected":false},"excerpt":{"rendered":"<span class=\"langPL\"> ZASTOSOWANE CZ\u0118\u015aCI: ORYGINA\u0141 BOSCH<\/span> <span class=\"langEN\"> PARTS USED: ORIGINAL BOSCH<\/span> <span class=\"langUK\"> \u0412\u0418\u041a\u041e\u0420\u0418\u0421\u0422\u0410\u041d\u0406 \u0427\u0410\u0421\u0422\u0418\u041d\u0418: \u041e\u0420\u0418\u0413\u0406\u041d\u0410\u041b BOSCH<\/span>","protected":false},"featured_media":8136,"template":"","meta":{"_acf_changed":false,"_monsterinsights_skip_tracking":false,"_monsterinsights_sitenote_active":false,"_monsterinsights_sitenote_note":"","_monsterinsights_sitenote_category":0},"product_brand":[],"product_cat":[17],"product_tag":[],"class_list":{"0":"post-2093","1":"product","2":"type-product","3":"status-publish","4":"has-post-thumbnail","6":"product_cat-wtryskiwacze-pl","8":"first","9":"outofstock","10":"taxable","11":"shipping-taxable","12":"purchasable","13":"product-type-simple"},"acf":[],"aioseo_notices":[],"_links":{"self":[{"href":"https:\/\/dieselstore.eu\/en\/wp-json\/wp\/v2\/product\/2093","targetHints":{"allow":["GET"]}}],"collection":[{"href":"https:\/\/dieselstore.eu\/en\/wp-json\/wp\/v2\/product"}],"about":[{"href":"https:\/\/dieselstore.eu\/en\/wp-json\/wp\/v2\/types\/product"}],"wp:featuredmedia":[{"embeddable":true,"href":"https:\/\/dieselstore.eu\/en\/wp-json\/wp\/v2\/media\/8136"}],"wp:attachment":[{"href":"https:\/\/dieselstore.eu\/en\/wp-json\/wp\/v2\/media?parent=2093"}],"wp:term":[{"taxonomy":"product_brand","embeddable":true,"href":"https:\/\/dieselstore.eu\/en\/wp-json\/wp\/v2\/product_brand?post=2093"},{"taxonomy":"product_cat","embeddable":true,"href":"https:\/\/dieselstore.eu\/en\/wp-json\/wp\/v2\/product_cat?post=2093"},{"taxonomy":"product_tag","embeddable":true,"href":"https:\/\/dieselstore.eu\/en\/wp-json\/wp\/v2\/product_tag?post=2093"}],"curies":[{"name":"wp","href":"https:\/\/api.w.org\/{rel}","templated":true}]}}