{"id":1938,"date":"2024-09-14T17:03:41","date_gmt":"2024-09-14T15:03:41","guid":{"rendered":"https:\/\/dieselstore.eu\/?post_type=product&#038;p=1938"},"modified":"2025-07-29T08:27:46","modified_gmt":"2025-07-29T06:27:46","slug":"9657144580-9647247280","status":"publish","type":"product","link":"https:\/\/dieselstore.eu\/en\/produkt\/9657144580-9647247280\/","title":{"rendered":"9657144580 9647247280"},"content":{"rendered":"<p>9656244280<br \/>\n5WS40156-Z<br \/>\n5WS40156-4Z<br \/>\n5WS40156-5<br \/>\n5WS40156-6<br \/>\nA2C59511601<br \/>\n9658194180<br \/>\n1373550<br \/>\n1980J5<br \/>\n36000318<br \/>\n36000319<br \/>\n3M5Q9F593EA<br \/>\n3M5Q-9F593-EA<br \/>\n8603565<br \/>\n9656244280<br \/>\n9657144780<br \/>\n9659244280<br \/>\n1373549<br \/>\n8603564<br \/>\n36001747<br \/>\n1980J4<br \/>\n3M5Q9F593DB<br \/>\n3M5Q-9F593-DB<br \/>\n9657144680<br \/>\n2.0 HDi TDCi<br \/>\nFord Mondeo<br \/>\nCitroen<br \/>\nPeugeot<\/p>\n","protected":false},"excerpt":{"rendered":"<span class=\"langPL\"> ZASTOSOWANE CZ\u0118\u015aCI: ORYGINA\u0141 BOSCH<\/span> <span class=\"langEN\"> PARTS USED: ORIGINAL BOSCH<\/span> <span class=\"langUK\"> \u0412\u0418\u041a\u041e\u0420\u0418\u0421\u0422\u0410\u041d\u0406 \u0427\u0410\u0421\u0422\u0418\u041d\u0418: \u041e\u0420\u0418\u0413\u0406\u041d\u0410\u041b BOSCH<\/span>","protected":false},"featured_media":0,"template":"","meta":{"_acf_changed":false,"_monsterinsights_skip_tracking":false,"_monsterinsights_sitenote_active":false,"_monsterinsights_sitenote_note":"","_monsterinsights_sitenote_category":0},"product_brand":[],"product_cat":[17],"product_tag":[],"class_list":{"0":"post-1938","1":"product","2":"type-product","3":"status-publish","5":"product_cat-wtryskiwacze-pl","7":"first","8":"outofstock","9":"taxable","10":"shipping-taxable","11":"purchasable","12":"product-type-simple"},"acf":[],"aioseo_notices":[],"_links":{"self":[{"href":"https:\/\/dieselstore.eu\/en\/wp-json\/wp\/v2\/product\/1938","targetHints":{"allow":["GET"]}}],"collection":[{"href":"https:\/\/dieselstore.eu\/en\/wp-json\/wp\/v2\/product"}],"about":[{"href":"https:\/\/dieselstore.eu\/en\/wp-json\/wp\/v2\/types\/product"}],"wp:attachment":[{"href":"https:\/\/dieselstore.eu\/en\/wp-json\/wp\/v2\/media?parent=1938"}],"wp:term":[{"taxonomy":"product_brand","embeddable":true,"href":"https:\/\/dieselstore.eu\/en\/wp-json\/wp\/v2\/product_brand?post=1938"},{"taxonomy":"product_cat","embeddable":true,"href":"https:\/\/dieselstore.eu\/en\/wp-json\/wp\/v2\/product_cat?post=1938"},{"taxonomy":"product_tag","embeddable":true,"href":"https:\/\/dieselstore.eu\/en\/wp-json\/wp\/v2\/product_tag?post=1938"}],"curies":[{"name":"wp","href":"https:\/\/api.w.org\/{rel}","templated":true}]}}