{"id":1671,"date":"2024-09-09T14:09:14","date_gmt":"2024-09-09T12:09:14","guid":{"rendered":"https:\/\/dieselstore.eu\/?post_type=product&#038;p=1671"},"modified":"2025-07-29T09:13:30","modified_gmt":"2025-07-29T07:13:30","slug":"0445120030-0445120218-2","status":"publish","type":"product","link":"https:\/\/dieselstore.eu\/en\/produkt\/0445120030-0445120218-2\/","title":{"rendered":"0445120030 0445120218"},"content":{"rendered":"<p>0986435517<br \/>\n51101006032 \/ 51 10100 6032 \/ 51.10100-6032<br \/>\n51101006035 \/ 51 10100 6035 \/ 51.10100-6035<br \/>\n51101006048 \/ 51 10100 6048 \/ 51.10100-6048<br \/>\n51101006125 \/ 51 10100 6125 \/ 51.10100-6125<br \/>\n51101009125 \/ 51 10100 9125 \/ 51.10100-9125<br \/>\nMAN TGA EURO3 EURO4<\/p>\n","protected":false},"excerpt":{"rendered":"<span class=\"langPL\"> ZASTOSOWANE CZ\u0118\u015aCI: ORYGINA\u0141 BOSCH<\/span> <span class=\"langEN\"> PARTS USED: ORIGINAL BOSCH<\/span> <span class=\"langUK\"> \u0412\u0418\u041a\u041e\u0420\u0418\u0421\u0422\u0410\u041d\u0406 \u0427\u0410\u0421\u0422\u0418\u041d\u0418: \u041e\u0420\u0418\u0413\u0406\u041d\u0410\u041b BOSCH<\/span>","protected":false},"featured_media":0,"template":"","meta":{"_acf_changed":false,"_monsterinsights_skip_tracking":false,"_monsterinsights_sitenote_active":false,"_monsterinsights_sitenote_note":"","_monsterinsights_sitenote_category":0},"product_brand":[],"product_cat":[17],"product_tag":[],"class_list":{"0":"post-1671","1":"product","2":"type-product","3":"status-publish","5":"product_cat-wtryskiwacze-pl","7":"first","8":"outofstock","9":"taxable","10":"shipping-taxable","11":"purchasable","12":"product-type-variable"},"acf":[],"aioseo_notices":[],"_links":{"self":[{"href":"https:\/\/dieselstore.eu\/en\/wp-json\/wp\/v2\/product\/1671","targetHints":{"allow":["GET"]}}],"collection":[{"href":"https:\/\/dieselstore.eu\/en\/wp-json\/wp\/v2\/product"}],"about":[{"href":"https:\/\/dieselstore.eu\/en\/wp-json\/wp\/v2\/types\/product"}],"wp:attachment":[{"href":"https:\/\/dieselstore.eu\/en\/wp-json\/wp\/v2\/media?parent=1671"}],"wp:term":[{"taxonomy":"product_brand","embeddable":true,"href":"https:\/\/dieselstore.eu\/en\/wp-json\/wp\/v2\/product_brand?post=1671"},{"taxonomy":"product_cat","embeddable":true,"href":"https:\/\/dieselstore.eu\/en\/wp-json\/wp\/v2\/product_cat?post=1671"},{"taxonomy":"product_tag","embeddable":true,"href":"https:\/\/dieselstore.eu\/en\/wp-json\/wp\/v2\/product_tag?post=1671"}],"curies":[{"name":"wp","href":"https:\/\/api.w.org\/{rel}","templated":true}]}}