{"id":163,"date":"2024-01-23T17:57:22","date_gmt":"2024-01-23T16:57:22","guid":{"rendered":"http:\/\/dieselstore.eu\/?post_type=product&#038;p=163"},"modified":"2025-07-29T09:25:14","modified_gmt":"2025-07-29T07:25:14","slug":"wtryskiwacz-2005596","status":"publish","type":"product","link":"https:\/\/dieselstore.eu\/en\/produkt\/wtryskiwacz-2005596\/","title":{"rendered":"2005596 6x DAF XF106 KOMPLET \/ SET"},"content":{"rendered":"<p>2005596<\/p>\n<p>BEBJ1D02001<\/p>\n<p>Wtryskiwacz DAF XF106 DAF EURO6<\/p>\n<p>DAF EURO VI<\/p>\n<p>EURO 6<\/p>\n","protected":false},"excerpt":{"rendered":"<span class=\"langPL\"> ZASTOSOWANE CZ\u0118\u015aCI: ORYGINA\u0141 DELPHI, W ZESTAWIE PODK\u0141ADKI, \u015aRUBA MOCUJ\u0104CE <\/span> <span class=\"langEN\"> PARTS USED: ORIGINAL DELPHI, WASHERS INCLUDED, MOUNTING SCREW <\/span> <span class=\"langUK\"> \u0412\u0418\u041a\u041e\u0420\u0418\u0421\u0422\u0410\u041d\u0406 \u0427\u0410\u0421\u0422\u0418\u041d\u0418: \u041e\u0420\u0418\u0413\u0406\u041d\u0410\u041b DELPHI, \u0428\u0410\u0419\u0411\u0418 \u0412 \u041a\u041e\u041c\u041f\u041b\u0415\u041a\u0422\u0406, \u041c\u041e\u041d\u0422\u0410\u0416\u041d\u0418\u0419 \u0413\u0412\u0418\u041d\u0422 <\/span>","protected":false},"featured_media":164,"template":"","meta":{"_acf_changed":false,"_monsterinsights_skip_tracking":false,"_monsterinsights_sitenote_active":false,"_monsterinsights_sitenote_note":"","_monsterinsights_sitenote_category":0},"product_brand":[],"product_cat":[17],"product_tag":[],"class_list":{"0":"post-163","1":"product","2":"type-product","3":"status-publish","4":"has-post-thumbnail","6":"product_cat-wtryskiwacze-pl","8":"first","9":"outofstock","10":"taxable","11":"shipping-taxable","12":"purchasable","13":"product-type-variable"},"acf":[],"aioseo_notices":[],"_links":{"self":[{"href":"https:\/\/dieselstore.eu\/en\/wp-json\/wp\/v2\/product\/163","targetHints":{"allow":["GET"]}}],"collection":[{"href":"https:\/\/dieselstore.eu\/en\/wp-json\/wp\/v2\/product"}],"about":[{"href":"https:\/\/dieselstore.eu\/en\/wp-json\/wp\/v2\/types\/product"}],"wp:featuredmedia":[{"embeddable":true,"href":"https:\/\/dieselstore.eu\/en\/wp-json\/wp\/v2\/media\/164"}],"wp:attachment":[{"href":"https:\/\/dieselstore.eu\/en\/wp-json\/wp\/v2\/media?parent=163"}],"wp:term":[{"taxonomy":"product_brand","embeddable":true,"href":"https:\/\/dieselstore.eu\/en\/wp-json\/wp\/v2\/product_brand?post=163"},{"taxonomy":"product_cat","embeddable":true,"href":"https:\/\/dieselstore.eu\/en\/wp-json\/wp\/v2\/product_cat?post=163"},{"taxonomy":"product_tag","embeddable":true,"href":"https:\/\/dieselstore.eu\/en\/wp-json\/wp\/v2\/product_tag?post=163"}],"curies":[{"name":"wp","href":"https:\/\/api.w.org\/{rel}","templated":true}]}}