{"id":1146,"date":"2024-06-07T13:18:52","date_gmt":"2024-06-07T11:18:52","guid":{"rendered":"https:\/\/dieselstore.eu\/?post_type=product&#038;p=1146"},"modified":"2025-07-29T08:44:01","modified_gmt":"2025-07-29T06:44:01","slug":"0445110265","status":"publish","type":"product","link":"https:\/\/dieselstore.eu\/en\/produkt\/0445110265\/","title":{"rendered":"0445110265"},"content":{"rendered":"<p>16600-00Q0D<br \/>\n1660000Q0D<br \/>\n166000511R<br \/>\n16600-0511R<br \/>\n93189952<br \/>\n95517511<br \/>\n8200484403<br \/>\n7701477325<br \/>\n8200484403<br \/>\n8201534858<br \/>\n0986435170<br \/>\n0986435275<br \/>\n0986435236<br \/>\nNissan Interstar Primastar, Opel Movano Vivaro, Renault Master Trafic 2.5 dci<\/p>\n","protected":false},"excerpt":{"rendered":"<span class=\"langPL\"> ZASTOSOWANE CZ\u0118\u015aCI: ORYGINA\u0141 BOSCH<\/span> <span class=\"langEN\"> PARTS USED: ORIGINAL BOSCH<\/span> <span class=\"langUK\"> \u0412\u0418\u041a\u041e\u0420\u0418\u0421\u0422\u0410\u041d\u0406 \u0427\u0410\u0421\u0422\u0418\u041d\u0418: \u041e\u0420\u0418\u0413\u0406\u041d\u0410\u041b BOSCH<\/span>","protected":false},"featured_media":0,"template":"","meta":{"_acf_changed":false,"_monsterinsights_skip_tracking":false,"_monsterinsights_sitenote_active":false,"_monsterinsights_sitenote_note":"","_monsterinsights_sitenote_category":0},"product_brand":[],"product_cat":[17],"product_tag":[],"class_list":{"0":"post-1146","1":"product","2":"type-product","3":"status-publish","5":"product_cat-wtryskiwacze-pl","7":"first","8":"outofstock","9":"taxable","10":"shipping-taxable","11":"purchasable","12":"product-type-simple"},"acf":[],"aioseo_notices":[],"_links":{"self":[{"href":"https:\/\/dieselstore.eu\/en\/wp-json\/wp\/v2\/product\/1146","targetHints":{"allow":["GET"]}}],"collection":[{"href":"https:\/\/dieselstore.eu\/en\/wp-json\/wp\/v2\/product"}],"about":[{"href":"https:\/\/dieselstore.eu\/en\/wp-json\/wp\/v2\/types\/product"}],"wp:attachment":[{"href":"https:\/\/dieselstore.eu\/en\/wp-json\/wp\/v2\/media?parent=1146"}],"wp:term":[{"taxonomy":"product_brand","embeddable":true,"href":"https:\/\/dieselstore.eu\/en\/wp-json\/wp\/v2\/product_brand?post=1146"},{"taxonomy":"product_cat","embeddable":true,"href":"https:\/\/dieselstore.eu\/en\/wp-json\/wp\/v2\/product_cat?post=1146"},{"taxonomy":"product_tag","embeddable":true,"href":"https:\/\/dieselstore.eu\/en\/wp-json\/wp\/v2\/product_tag?post=1146"}],"curies":[{"name":"wp","href":"https:\/\/api.w.org\/{rel}","templated":true}]}}