{"id":266,"date":"2023-12-06T13:15:41","date_gmt":"2023-12-06T12:15:41","guid":{"rendered":"http:\/\/dieselstore.eu\/contact\/"},"modified":"2024-02-28T18:25:17","modified_gmt":"2024-02-28T17:25:17","slug":"contact","status":"publish","type":"page","link":"https:\/\/dieselstore.eu\/en\/contact\/","title":{"rendered":"Contact"},"content":{"rendered":"\n<p><strong>DIESEL SERVICE W\u0141OCH<\/strong><\/p>\n\n\n\n<p>Kol.Skrob\u00f3w 88A,<br>21-100 Lubart\u00f3w, Polska<\/p>\n\n\n\n<p>phone. <a href=\"tel:+48694868484\">+48 694 868 484<\/a><\/p>\n\n\n\n<p>e-mail: <a href=\"mailto:dieselstore.eu@gmail.com\">dieselstore.eu@gmail.com<\/a><\/p>\n","protected":false},"excerpt":{"rendered":"DIESEL SERVICE W\u0141OCH Kol.Skrob\u00f3w 88A,21-100 Lubart\u00f3w, Polska phone. +48 694 868 484 e-mail: dieselstore.eu@gmail.com","protected":false},"author":1,"featured_media":0,"parent":0,"menu_order":0,"comment_status":"closed","ping_status":"closed","template":"page-full.php","meta":{"_acf_changed":false,"_monsterinsights_skip_tracking":false,"_monsterinsights_sitenote_active":false,"_monsterinsights_sitenote_note":"","_monsterinsights_sitenote_category":0,"footnotes":""},"class_list":["post-266","page","type-page","status-publish","hentry"],"acf":[],"aioseo_notices":[],"_links":{"self":[{"href":"https:\/\/dieselstore.eu\/en\/wp-json\/wp\/v2\/pages\/266","targetHints":{"allow":["GET"]}}],"collection":[{"href":"https:\/\/dieselstore.eu\/en\/wp-json\/wp\/v2\/pages"}],"about":[{"href":"https:\/\/dieselstore.eu\/en\/wp-json\/wp\/v2\/types\/page"}],"author":[{"embeddable":true,"href":"https:\/\/dieselstore.eu\/en\/wp-json\/wp\/v2\/users\/1"}],"replies":[{"embeddable":true,"href":"https:\/\/dieselstore.eu\/en\/wp-json\/wp\/v2\/comments?post=266"}],"version-history":[{"count":1,"href":"https:\/\/dieselstore.eu\/en\/wp-json\/wp\/v2\/pages\/266\/revisions"}],"predecessor-version":[{"id":349,"href":"https:\/\/dieselstore.eu\/en\/wp-json\/wp\/v2\/pages\/266\/revisions\/349"}],"wp:attachment":[{"href":"https:\/\/dieselstore.eu\/en\/wp-json\/wp\/v2\/media?parent=266"}],"curies":[{"name":"wp","href":"https:\/\/api.w.org\/{rel}","templated":true}]}}